{"id":9288,"date":"2024-03-11T23:48:37","date_gmt":"2024-03-11T22:48:37","guid":{"rendered":"https:\/\/www1.oliver-kahn.de\/?page_id=9288"},"modified":"2024-12-07T11:53:18","modified_gmt":"2024-12-07T10:53:18","slug":"impressum-academy","status":"publish","type":"page","link":"https:\/\/www1.oliver-kahn.de\/en\/impressum-academy\/","title":{"rendered":"Impressum Academy"},"content":{"rendered":"\t\t<div data-elementor-type=\"wp-page\" data-elementor-id=\"9288\" class=\"elementor elementor-9288\" data-elementor-post-type=\"page\">\n\t\t\t\t<div class=\"elementor-element elementor-element-9472062 e-flex e-con-boxed e-con e-parent\" data-id=\"9472062\" data-element_type=\"container\" data-e-type=\"container\" data-settings=\"{&quot;background_background&quot;:&quot;classic&quot;}\">\n\t\t\t\t\t<div class=\"e-con-inner\">\n\t\t<div class=\"elementor-element elementor-element-0303d05 e-flex e-con-boxed e-con e-child\" data-id=\"0303d05\" data-element_type=\"container\" data-e-type=\"container\">\n\t\t\t\t\t<div class=\"e-con-inner\">\n\t\t\t\t<div class=\"elementor-element elementor-element-56b2e78 elementor-widget elementor-widget-heading\" data-id=\"56b2e78\" data-element_type=\"widget\" data-e-type=\"widget\" data-widget_type=\"heading.default\">\n\t\t\t\t<div class=\"elementor-widget-container\">\n\t\t\t\t\t<h2 class=\"elementor-heading-title elementor-size-default\">Impressum \n\nOliver Kahn Academy<\/h2>\t\t\t\t<\/div>\n\t\t\t\t<\/div>\n\t\t\t\t<div class=\"elementor-element elementor-element-d1175b0 elementor-widget elementor-widget-text-editor\" data-id=\"d1175b0\" data-element_type=\"widget\" data-e-type=\"widget\" data-widget_type=\"text-editor.default\">\n\t\t\t\t<div class=\"elementor-widget-container\">\n\t\t\t\t\t\t\t\t\t<p>Goalplay Management GmbH<br \/>S\u00fcdliche M\u00fcnchner Stra\u00dfe 30<br \/>82031 Gr\u00fcnwald<br \/>Germany<\/p><p>Tel .: +49 (89) 21 56 27 \u2013 20<br \/>Fax: +49 (89) 21 56 27 \u2013 21<\/p><p>Email: info@oliverkahnacademy.com<\/p><p>Register court: Munich district court<br \/>Register number: HRA 104410<\/p><p>Goalplay Management GmbH is represented by the personally liable partner: Goalplay Verwaltungsgesellschaft mbH, register court: Munich district court, HRB 220227. This in turn is represented by the managing director: Moritz Mattes<\/p><p>Sales tax identification number according to \u00a7 27 a sales tax law: DE 302381417<\/p><p>Platform of the EU Commission for online dispute resolution: http:\/\/ec.europa.eu\/consumers\/od<\/p>\t\t\t\t\t\t\t\t<\/div>\n\t\t\t\t<\/div>\n\t\t\t\t\t<\/div>\n\t\t\t\t<\/div>\n\t\t\t\t\t<\/div>\n\t\t\t\t<\/div>\n\t\t<div class=\"elementor-element elementor-element-fb52a25 e-flex e-con-boxed e-con e-parent\" data-id=\"fb52a25\" data-element_type=\"container\" data-e-type=\"container\">\n\t\t\t\t\t<div class=\"e-con-inner\">\n\t\t\t\t<div class=\"elementor-element elementor-element-8bff8b7 elementor-widget elementor-widget-html\" data-id=\"8bff8b7\" data-element_type=\"widget\" data-e-type=\"widget\" data-widget_type=\"html.default\">\n\t\t\t\t<div class=\"elementor-widget-container\">\n\t\t\t\t\t<style>\n    a[href^=\"tel:\"] {\n\n  color: #000 !important;\n}\n    \n<\/style>\t\t\t\t<\/div>\n\t\t\t\t<\/div>\n\t\t\t\t\t<\/div>\n\t\t\t\t<\/div>\n\t\t\t\t<\/div>\n\t\t","protected":false},"excerpt":{"rendered":"<p>Impressum Oliver Kahn Academy Goalplay Management GmbHS\u00fcdliche M\u00fcnchner Stra\u00dfe 3082031 Gr\u00fcnwaldGermany Tel .: +49 (89) 21 56 27 \u2013 20Fax: +49 (89) 21 56 27 \u2013 21 Email: info@oliverkahnacademy.com Register court: Munich district courtRegister number: HRA 104410 Goalplay Management GmbH is represented by the personally liable partner: Goalplay Verwaltungsgesellschaft mbH, register court: Munich district court, [&hellip;]<\/p>\n","protected":false},"author":2,"featured_media":0,"parent":0,"menu_order":0,"comment_status":"closed","ping_status":"closed","template":"","meta":{"inline_featured_image":false,"site-sidebar-layout":"no-sidebar","site-content-layout":"","ast-site-content-layout":"full-width-container","site-content-style":"default","site-sidebar-style":"default","ast-global-header-display":"","ast-banner-title-visibility":"","ast-main-header-display":"","ast-hfb-above-header-display":"","ast-hfb-below-header-display":"","ast-hfb-mobile-header-display":"","site-post-title":"disabled","ast-breadcrumbs-content":"","ast-featured-img":"disabled","footer-sml-layout":"","theme-transparent-header-meta":"","adv-header-id-meta":"","stick-header-meta":"","header-above-stick-meta":"","header-main-stick-meta":"","header-below-stick-meta":"","astra-migrate-meta-layouts":"default","ast-page-background-enabled":"default","ast-page-background-meta":{"desktop":{"background-color":"var(--ast-global-color-4)","background-image":"","background-repeat":"repeat","background-position":"center center","background-size":"auto","background-attachment":"scroll","background-type":"","background-media":"","overlay-type":"","overlay-color":"","overlay-opacity":"","overlay-gradient":""},"tablet":{"background-color":"","background-image":"","background-repeat":"repeat","background-position":"center center","background-size":"auto","background-attachment":"scroll","background-type":"","background-media":"","overlay-type":"","overlay-color":"","overlay-opacity":"","overlay-gradient":""},"mobile":{"background-color":"","background-image":"","background-repeat":"repeat","background-position":"center center","background-size":"auto","background-attachment":"scroll","background-type":"","background-media":"","overlay-type":"","overlay-color":"","overlay-opacity":"","overlay-gradient":""}},"ast-content-background-meta":{"desktop":{"background-color":"var(--ast-global-color-5)","background-image":"","background-repeat":"repeat","background-position":"center center","background-size":"auto","background-attachment":"scroll","background-type":"","background-media":"","overlay-type":"","overlay-color":"","overlay-opacity":"","overlay-gradient":""},"tablet":{"background-color":"var(--ast-global-color-5)","background-image":"","background-repeat":"repeat","background-position":"center center","background-size":"auto","background-attachment":"scroll","background-type":"","background-media":"","overlay-type":"","overlay-color":"","overlay-opacity":"","overlay-gradient":""},"mobile":{"background-color":"var(--ast-global-color-5)","background-image":"","background-repeat":"repeat","background-position":"center center","background-size":"auto","background-attachment":"scroll","background-type":"","background-media":"","overlay-type":"","overlay-color":"","overlay-opacity":"","overlay-gradient":""}},"footnotes":""},"class_list":["post-9288","page","type-page","status-publish","hentry"],"yoast_head":"<!-- This site is optimized with the Yoast SEO plugin v25.9 - https:\/\/yoast.com\/wordpress\/plugins\/seo\/ -->\r\n<title>Impressum Academy - Oliver Kahn<\/title>\r\n<meta name=\"robots\" content=\"index, follow, max-snippet:-1, max-image-preview:large, max-video-preview:-1\" \/>\r\n<link rel=\"canonical\" href=\"https:\/\/www1.oliver-kahn.de\/en\/impressum-academy\/\" \/>\r\n<meta property=\"og:locale\" content=\"en_GB\" \/>\r\n<meta property=\"og:type\" content=\"article\" \/>\r\n<meta property=\"og:title\" content=\"Impressum Academy - Oliver Kahn\" \/>\r\n<meta property=\"og:description\" content=\"Impressum Oliver Kahn Academy Goalplay Management GmbHS\u00fcdliche M\u00fcnchner Stra\u00dfe 3082031 Gr\u00fcnwaldGermany Tel .: +49 (89) 21 56 27 \u2013 20Fax: +49 (89) 21 56 27 \u2013 21 Email: info@oliverkahnacademy.com Register court: Munich district courtRegister number: HRA 104410 Goalplay Management GmbH is represented by the personally liable partner: Goalplay Verwaltungsgesellschaft mbH, register court: Munich district court, [&hellip;]\" \/>\r\n<meta property=\"og:url\" content=\"https:\/\/www1.oliver-kahn.de\/en\/impressum-academy\/\" \/>\r\n<meta property=\"og:site_name\" content=\"Oliver Kahn\" \/>\r\n<meta property=\"article:modified_time\" content=\"2024-12-07T10:53:18+00:00\" \/>\r\n<meta name=\"twitter:card\" content=\"summary_large_image\" \/>\r\n<meta name=\"twitter:label1\" content=\"Estimated reading time\" \/>\n\t<meta name=\"twitter:data1\" content=\"1 minute\" \/>\r\n<script type=\"application\/ld+json\" class=\"yoast-schema-graph\">{\"@context\":\"https:\/\/schema.org\",\"@graph\":[{\"@type\":\"WebPage\",\"@id\":\"https:\/\/www1.oliver-kahn.de\/impressum-academy\/\",\"url\":\"https:\/\/www1.oliver-kahn.de\/impressum-academy\/\",\"name\":\"Impressum Academy - Oliver Kahn\",\"isPartOf\":{\"@id\":\"https:\/\/www1.oliver-kahn.de\/#website\"},\"datePublished\":\"2024-03-11T22:48:37+00:00\",\"dateModified\":\"2024-12-07T10:53:18+00:00\",\"breadcrumb\":{\"@id\":\"https:\/\/www1.oliver-kahn.de\/impressum-academy\/#breadcrumb\"},\"inLanguage\":\"en-GB\",\"potentialAction\":[{\"@type\":\"ReadAction\",\"target\":[\"https:\/\/www1.oliver-kahn.de\/impressum-academy\/\"]}]},{\"@type\":\"BreadcrumbList\",\"@id\":\"https:\/\/www1.oliver-kahn.de\/impressum-academy\/#breadcrumb\",\"itemListElement\":[{\"@type\":\"ListItem\",\"position\":1,\"name\":\"Home\",\"item\":\"https:\/\/www1.oliver-kahn.de\/\"},{\"@type\":\"ListItem\",\"position\":2,\"name\":\"Impressum Academy\"}]},{\"@type\":\"WebSite\",\"@id\":\"https:\/\/www1.oliver-kahn.de\/#website\",\"url\":\"https:\/\/www1.oliver-kahn.de\/\",\"name\":\"Oliver Kahn\",\"description\":\"\",\"potentialAction\":[{\"@type\":\"SearchAction\",\"target\":{\"@type\":\"EntryPoint\",\"urlTemplate\":\"https:\/\/www1.oliver-kahn.de\/?s={search_term_string}\"},\"query-input\":{\"@type\":\"PropertyValueSpecification\",\"valueRequired\":true,\"valueName\":\"search_term_string\"}}],\"inLanguage\":\"en-GB\"}]}<\/script>\r\n<!-- \/ Yoast SEO plugin. -->","yoast_head_json":{"title":"Impressum Academy - Oliver Kahn","robots":{"index":"index","follow":"follow","max-snippet":"max-snippet:-1","max-image-preview":"max-image-preview:large","max-video-preview":"max-video-preview:-1"},"canonical":"https:\/\/www1.oliver-kahn.de\/en\/impressum-academy\/","og_locale":"en_GB","og_type":"article","og_title":"Impressum Academy - Oliver Kahn","og_description":"Impressum Oliver Kahn Academy Goalplay Management GmbHS\u00fcdliche M\u00fcnchner Stra\u00dfe 3082031 Gr\u00fcnwaldGermany Tel .: +49 (89) 21 56 27 \u2013 20Fax: +49 (89) 21 56 27 \u2013 21 Email: info@oliverkahnacademy.com Register court: Munich district courtRegister number: HRA 104410 Goalplay Management GmbH is represented by the personally liable partner: Goalplay Verwaltungsgesellschaft mbH, register court: Munich district court, [&hellip;]","og_url":"https:\/\/www1.oliver-kahn.de\/en\/impressum-academy\/","og_site_name":"Oliver Kahn","article_modified_time":"2024-12-07T10:53:18+00:00","twitter_card":"summary_large_image","twitter_misc":{"Estimated reading time":"1 minute"},"schema":{"@context":"https:\/\/schema.org","@graph":[{"@type":"WebPage","@id":"https:\/\/www1.oliver-kahn.de\/impressum-academy\/","url":"https:\/\/www1.oliver-kahn.de\/impressum-academy\/","name":"Impressum Academy - Oliver Kahn","isPartOf":{"@id":"https:\/\/www1.oliver-kahn.de\/#website"},"datePublished":"2024-03-11T22:48:37+00:00","dateModified":"2024-12-07T10:53:18+00:00","breadcrumb":{"@id":"https:\/\/www1.oliver-kahn.de\/impressum-academy\/#breadcrumb"},"inLanguage":"en-GB","potentialAction":[{"@type":"ReadAction","target":["https:\/\/www1.oliver-kahn.de\/impressum-academy\/"]}]},{"@type":"BreadcrumbList","@id":"https:\/\/www1.oliver-kahn.de\/impressum-academy\/#breadcrumb","itemListElement":[{"@type":"ListItem","position":1,"name":"Home","item":"https:\/\/www1.oliver-kahn.de\/"},{"@type":"ListItem","position":2,"name":"Impressum Academy"}]},{"@type":"WebSite","@id":"https:\/\/www1.oliver-kahn.de\/#website","url":"https:\/\/www1.oliver-kahn.de\/","name":"Oliver Kahn","description":"","potentialAction":[{"@type":"SearchAction","target":{"@type":"EntryPoint","urlTemplate":"https:\/\/www1.oliver-kahn.de\/?s={search_term_string}"},"query-input":{"@type":"PropertyValueSpecification","valueRequired":true,"valueName":"search_term_string"}}],"inLanguage":"en-GB"}]}},"_links":{"self":[{"href":"https:\/\/www1.oliver-kahn.de\/en\/wp-json\/wp\/v2\/pages\/9288","targetHints":{"allow":["GET"]}}],"collection":[{"href":"https:\/\/www1.oliver-kahn.de\/en\/wp-json\/wp\/v2\/pages"}],"about":[{"href":"https:\/\/www1.oliver-kahn.de\/en\/wp-json\/wp\/v2\/types\/page"}],"author":[{"embeddable":true,"href":"https:\/\/www1.oliver-kahn.de\/en\/wp-json\/wp\/v2\/users\/2"}],"replies":[{"embeddable":true,"href":"https:\/\/www1.oliver-kahn.de\/en\/wp-json\/wp\/v2\/comments?post=9288"}],"version-history":[{"count":9,"href":"https:\/\/www1.oliver-kahn.de\/en\/wp-json\/wp\/v2\/pages\/9288\/revisions"}],"predecessor-version":[{"id":10930,"href":"https:\/\/www1.oliver-kahn.de\/en\/wp-json\/wp\/v2\/pages\/9288\/revisions\/10930"}],"wp:attachment":[{"href":"https:\/\/www1.oliver-kahn.de\/en\/wp-json\/wp\/v2\/media?parent=9288"}],"curies":[{"name":"wp","href":"https:\/\/api.w.org\/{rel}","templated":true}]}}