{"id":7449,"date":"2024-02-15T21:06:43","date_gmt":"2024-02-15T20:06:43","guid":{"rendered":"https:\/\/www1.oliver-kahn.de\/?page_id=7449"},"modified":"2025-04-15T10:04:32","modified_gmt":"2025-04-15T08:04:32","slug":"impressum","status":"publish","type":"page","link":"https:\/\/www1.oliver-kahn.de\/en\/impressum\/","title":{"rendered":"Imprint"},"content":{"rendered":"\t\t<div data-elementor-type=\"wp-page\" data-elementor-id=\"7449\" class=\"elementor elementor-7449\" data-elementor-post-type=\"page\">\n\t\t\t\t<div class=\"elementor-element elementor-element-9472062 e-flex e-con-boxed e-con e-parent\" data-id=\"9472062\" data-element_type=\"container\" data-e-type=\"container\" data-settings=\"{&quot;background_background&quot;:&quot;classic&quot;}\">\n\t\t\t\t\t<div class=\"e-con-inner\">\n\t\t<div class=\"elementor-element elementor-element-0303d05 e-flex e-con-boxed e-con e-child\" data-id=\"0303d05\" data-element_type=\"container\" data-e-type=\"container\">\n\t\t\t\t\t<div class=\"e-con-inner\">\n\t\t\t\t<div class=\"elementor-element elementor-element-56b2e78 elementor-widget elementor-widget-heading\" data-id=\"56b2e78\" data-element_type=\"widget\" data-e-type=\"widget\" data-widget_type=\"heading.default\">\n\t\t\t\t<div class=\"elementor-widget-container\">\n\t\t\t\t\t<h2 class=\"elementor-heading-title elementor-size-default\">Impressum<\/h2>\t\t\t\t<\/div>\n\t\t\t\t<\/div>\n\t\t<div class=\"elementor-element elementor-element-fc122ce e-flex e-con-boxed e-con e-child\" data-id=\"fc122ce\" data-element_type=\"container\" data-e-type=\"container\">\n\t\t\t\t\t<div class=\"e-con-inner\">\n\t\t\t\t<div class=\"elementor-element elementor-element-d1175b0 elementor-widget elementor-widget-text-editor\" data-id=\"d1175b0\" data-element_type=\"widget\" data-e-type=\"widget\" data-widget_type=\"text-editor.default\">\n\t\t\t\t<div class=\"elementor-widget-container\">\n\t\t\t\t\t\t\t\t\t<p><strong>Management Oliver Kahn<\/strong><\/p><p>Christian Forsthuber<br \/>Dr. Julia Kramer<\/p><p>Atelierstra\u00dfe 7<br \/>D \u2013 81671 M\u00fcnchen<\/p><p>Tel.: +49 177 7374276<\/p><p><a href=\"mailto:info@kahn.de\" target=\"_blank\" rel=\"noopener\">info@kahn.de<\/a><\/p>\t\t\t\t\t\t\t\t<\/div>\n\t\t\t\t<\/div>\n\t\t\t\t\t<\/div>\n\t\t\t\t<\/div>\n\t\t\t\t<div class=\"elementor-element elementor-element-329c095 elementor-widget elementor-widget-text-editor\" data-id=\"329c095\" data-element_type=\"widget\" data-e-type=\"widget\" data-widget_type=\"text-editor.default\">\n\t\t\t\t<div class=\"elementor-widget-container\">\n\t\t\t\t\t\t\t\t\t<p><span style=\"font-style: inherit; font-weight: inherit; letter-spacing: var( --e-global-typography-text-letter-spacing );\">Haftungshinweis: Trotz sorgf\u00e4ltiger inhaltlicher Kontrolle \u00fcbernehmen wir keine Haftung f\u00fcr die Inhalte externer Links. F\u00fcr den Inhalt der verlinkten Seiten sind ausschlie\u00dflich deren Betreiber verantwortlich.<\/span><\/p><h3>Bildnachweis<\/h3><p>Alle verwendeten Bilder und Grafiken auf dieser Internetseite sind urheberrechtlich gesch\u00fctzt. Jede weitere Nutzung \u2013 hierzu z\u00e4hlt insbesondere das Ver\u00f6ffentlichen auf anderen Internetseiten \u2013 ist untersagt und bedarf der ausdr\u00fccklichen Genehmigung durch Oliver Kahn.<\/p><h3>Nutzungsbedingungen<\/h3><p>Mit dem Aufrufen der oliver-kahn.de-Seiten erkennen Sie die nachfolgenden Nutzungsbedingungen an. Falls Sie mit den Nutzungsbedingungen nicht einverstanden sind, so ist Ihnen die Nutzung des oliver-kahn.de-Angebotes nicht gestattet.<\/p><ol><li>Diese Nutzungsbedingungen beziehen sich auf alle Domains, unter denen die offizielle Oliver-Kahn-Seite zu erreichen ist (oliver-kahn.de, kahn.de, oliverkahn.de, oliver-kahn.com und oliverkahn.com (nachfolgend gemeinsam \u201eoliver-kahn.de-Seiten\u201c genannt).<\/li><li>Oliver Kahn beh\u00e4lt sich vor, die oliver-kahn.de-Nutzungsbedingungen jederzeit und ohne Ank\u00fcndigung zu \u00e4ndern.<\/li><li>Oliver Kahn \u00fcbernimmt mit Ausnahme der vom Gesetz vorgeschriebenen Gew\u00e4hrleistung keine Gew\u00e4hrleistung oder Haftung f\u00fcr die Richtigkeit und Vollst\u00e4ndigkeit des Inhalts der oliver-kahn.de-Seiten und f\u00fcr deren Funktionst\u00fcchtigkeit.<\/li><li>Die auf den oliver-kahn.de-Seiten enthaltenen Texte, Bilder und anderen Inhalte sind urheberrechtlich gesch\u00fctzt und d\u00fcrfen nur zum pers\u00f6nlichen Gebrauch verwendet werden. Eine Vervielf\u00e4ltigung, Weitergabe, Verbreitung oder Speicherung ist nicht gestattet.<\/li><li>Sie allein haften f\u00fcr alle Sch\u00e4den aus einer Zuwiderhandlung gegen die unter Ziffer 4 dargelegten Nutzungsgrundregeln der oliver-kahn.de-Seiten und verpflichten sich, Oliver Kahn von allen Anspr\u00fcchen Dritter wegen einer von Ihnen begangenen Zuwiderhandlung gegen diese Grundregeln freizuhalten.<\/li><li>Die oliver-kahn.de-Seiten haben Links (Querverweise) zu anderen Seiten im Internet geschaltet. Oliver Kahn erkl\u00e4rt ausdr\u00fccklich, dass keinerlei Einfluss auf die Gestaltung und die Inhalte der gelinkten Seiten besteht. Deshalb distanziert sich Oliver Kahn ausdr\u00fccklich von s\u00e4mtlichen Inhalten aller verkn\u00fcpften Internetseiten, die nicht auf dem Server der oliver-kahn.de-Seiten abgelegt sind. Diese Erkl\u00e4rung gilt f\u00fcr alle angezeigten Links und f\u00fcr alle Inhalte der Seiten, zu denen die auf den oliver-kahn.de-Seiten installierten Banner und Links f\u00fchren.<\/li><li>Es gilt ausschlie\u00dflich deutsches Recht.<\/li><\/ol><p>Sollte eine der obigen Bestimmungen unwirksam sein, so wird die G\u00fcltigkeit der \u00fcbrigen Regelungen hiervon nicht ber\u00fchrt. Die unwirksame Bestimmung wird durch eine rechtsg\u00fcltige ersetzt, die dem wirtschaftlichen Sinn und Zweck der unwirksamen Bestimmung am n\u00e4chsten kommt.<\/p><p><strong>Technische Umsetzung:<\/strong>\u00a0Christoph Schempershofe,\u00a0<a href=\"https:\/\/www.schempershofe.com\/\" target=\"_blank\" rel=\"noopener\">schempershofe.com<\/a><\/p>\t\t\t\t\t\t\t\t<\/div>\n\t\t\t\t<\/div>\n\t\t\t\t\t<\/div>\n\t\t\t\t<\/div>\n\t\t\t\t\t<\/div>\n\t\t\t\t<\/div>\n\t\t<div class=\"elementor-element elementor-element-bec3be6 e-flex e-con-boxed e-con e-parent\" data-id=\"bec3be6\" data-element_type=\"container\" data-e-type=\"container\">\n\t\t\t\t\t<div class=\"e-con-inner\">\n\t\t\t\t<div class=\"elementor-element elementor-element-4893bd6 elementor-widget elementor-widget-html\" data-id=\"4893bd6\" data-element_type=\"widget\" data-e-type=\"widget\" data-widget_type=\"html.default\">\n\t\t\t\t<div class=\"elementor-widget-container\">\n\t\t\t\t\t<style>\n    a[href^=\"tel:\"] {\n\n  color: #000 !important;\n}\n    \n<\/style>\t\t\t\t<\/div>\n\t\t\t\t<\/div>\n\t\t\t\t\t<\/div>\n\t\t\t\t<\/div>\n\t\t\t\t<\/div>\n\t\t","protected":false},"excerpt":{"rendered":"<p>Impressum Management Oliver Kahn Christian ForsthuberDr. Julia Kramer Atelierstra\u00dfe 7D \u2013 81671 M\u00fcnchen Tel.: +49 177 7374276 info@kahn.de Haftungshinweis: Trotz sorgf\u00e4ltiger inhaltlicher Kontrolle \u00fcbernehmen wir keine Haftung f\u00fcr die Inhalte externer Links. F\u00fcr den Inhalt der verlinkten Seiten sind ausschlie\u00dflich deren Betreiber verantwortlich. Bildnachweis Alle verwendeten Bilder und Grafiken auf dieser Internetseite sind urheberrechtlich gesch\u00fctzt. [&hellip;]<\/p>\n","protected":false},"author":2,"featured_media":0,"parent":0,"menu_order":0,"comment_status":"closed","ping_status":"closed","template":"","meta":{"inline_featured_image":false,"site-sidebar-layout":"no-sidebar","site-content-layout":"","ast-site-content-layout":"full-width-container","site-content-style":"default","site-sidebar-style":"default","ast-global-header-display":"","ast-banner-title-visibility":"","ast-main-header-display":"","ast-hfb-above-header-display":"","ast-hfb-below-header-display":"","ast-hfb-mobile-header-display":"","site-post-title":"disabled","ast-breadcrumbs-content":"","ast-featured-img":"disabled","footer-sml-layout":"","theme-transparent-header-meta":"","adv-header-id-meta":"","stick-header-meta":"","header-above-stick-meta":"","header-main-stick-meta":"","header-below-stick-meta":"","astra-migrate-meta-layouts":"default","ast-page-background-enabled":"default","ast-page-background-meta":{"desktop":{"background-color":"var(--ast-global-color-4)","background-image":"","background-repeat":"repeat","background-position":"center center","background-size":"auto","background-attachment":"scroll","background-type":"","background-media":"","overlay-type":"","overlay-color":"","overlay-opacity":"","overlay-gradient":""},"tablet":{"background-color":"","background-image":"","background-repeat":"repeat","background-position":"center center","background-size":"auto","background-attachment":"scroll","background-type":"","background-media":"","overlay-type":"","overlay-color":"","overlay-opacity":"","overlay-gradient":""},"mobile":{"background-color":"","background-image":"","background-repeat":"repeat","background-position":"center center","background-size":"auto","background-attachment":"scroll","background-type":"","background-media":"","overlay-type":"","overlay-color":"","overlay-opacity":"","overlay-gradient":""}},"ast-content-background-meta":{"desktop":{"background-color":"var(--ast-global-color-5)","background-image":"","background-repeat":"repeat","background-position":"center center","background-size":"auto","background-attachment":"scroll","background-type":"","background-media":"","overlay-type":"","overlay-color":"","overlay-opacity":"","overlay-gradient":""},"tablet":{"background-color":"var(--ast-global-color-5)","background-image":"","background-repeat":"repeat","background-position":"center center","background-size":"auto","background-attachment":"scroll","background-type":"","background-media":"","overlay-type":"","overlay-color":"","overlay-opacity":"","overlay-gradient":""},"mobile":{"background-color":"var(--ast-global-color-5)","background-image":"","background-repeat":"repeat","background-position":"center center","background-size":"auto","background-attachment":"scroll","background-type":"","background-media":"","overlay-type":"","overlay-color":"","overlay-opacity":"","overlay-gradient":""}},"footnotes":""},"class_list":["post-7449","page","type-page","status-publish","hentry"],"yoast_head":"<!-- This site is optimized with the Yoast SEO plugin v25.9 - https:\/\/yoast.com\/wordpress\/plugins\/seo\/ -->\r\n<title>Impressum - Oliver Kahn<\/title>\r\n<meta name=\"robots\" content=\"index, follow, max-snippet:-1, max-image-preview:large, max-video-preview:-1\" \/>\r\n<link rel=\"canonical\" href=\"https:\/\/www1.oliver-kahn.de\/en\/impressum\/\" \/>\r\n<meta property=\"og:locale\" content=\"en_GB\" \/>\r\n<meta property=\"og:type\" content=\"article\" \/>\r\n<meta property=\"og:title\" content=\"Impressum - Oliver Kahn\" \/>\r\n<meta property=\"og:description\" content=\"Impressum Management Oliver Kahn Christian ForsthuberDr. Julia Kramer Atelierstra\u00dfe 7D \u2013 81671 M\u00fcnchen Tel.: +49 177 7374276 info@kahn.de Haftungshinweis: Trotz sorgf\u00e4ltiger inhaltlicher Kontrolle \u00fcbernehmen wir keine Haftung f\u00fcr die Inhalte externer Links. F\u00fcr den Inhalt der verlinkten Seiten sind ausschlie\u00dflich deren Betreiber verantwortlich. Bildnachweis Alle verwendeten Bilder und Grafiken auf dieser Internetseite sind urheberrechtlich gesch\u00fctzt. [&hellip;]\" \/>\r\n<meta property=\"og:url\" content=\"https:\/\/www1.oliver-kahn.de\/en\/impressum\/\" \/>\r\n<meta property=\"og:site_name\" content=\"Oliver Kahn\" \/>\r\n<meta property=\"article:modified_time\" content=\"2025-04-15T08:04:32+00:00\" \/>\r\n<meta name=\"twitter:card\" content=\"summary_large_image\" \/>\r\n<meta name=\"twitter:label1\" content=\"Estimated reading time\" \/>\n\t<meta name=\"twitter:data1\" content=\"2 minutes\" \/>\r\n<script type=\"application\/ld+json\" class=\"yoast-schema-graph\">{\"@context\":\"https:\/\/schema.org\",\"@graph\":[{\"@type\":\"WebPage\",\"@id\":\"https:\/\/www1.oliver-kahn.de\/impressum\/\",\"url\":\"https:\/\/www1.oliver-kahn.de\/impressum\/\",\"name\":\"Impressum - Oliver Kahn\",\"isPartOf\":{\"@id\":\"https:\/\/www1.oliver-kahn.de\/#website\"},\"datePublished\":\"2024-02-15T20:06:43+00:00\",\"dateModified\":\"2025-04-15T08:04:32+00:00\",\"breadcrumb\":{\"@id\":\"https:\/\/www1.oliver-kahn.de\/impressum\/#breadcrumb\"},\"inLanguage\":\"en-GB\",\"potentialAction\":[{\"@type\":\"ReadAction\",\"target\":[\"https:\/\/www1.oliver-kahn.de\/impressum\/\"]}]},{\"@type\":\"BreadcrumbList\",\"@id\":\"https:\/\/www1.oliver-kahn.de\/impressum\/#breadcrumb\",\"itemListElement\":[{\"@type\":\"ListItem\",\"position\":1,\"name\":\"Home\",\"item\":\"https:\/\/www1.oliver-kahn.de\/\"},{\"@type\":\"ListItem\",\"position\":2,\"name\":\"Impressum\"}]},{\"@type\":\"WebSite\",\"@id\":\"https:\/\/www1.oliver-kahn.de\/#website\",\"url\":\"https:\/\/www1.oliver-kahn.de\/\",\"name\":\"Oliver Kahn\",\"description\":\"\",\"potentialAction\":[{\"@type\":\"SearchAction\",\"target\":{\"@type\":\"EntryPoint\",\"urlTemplate\":\"https:\/\/www1.oliver-kahn.de\/?s={search_term_string}\"},\"query-input\":{\"@type\":\"PropertyValueSpecification\",\"valueRequired\":true,\"valueName\":\"search_term_string\"}}],\"inLanguage\":\"en-GB\"}]}<\/script>\r\n<!-- \/ Yoast SEO plugin. -->","yoast_head_json":{"title":"Impressum - Oliver Kahn","robots":{"index":"index","follow":"follow","max-snippet":"max-snippet:-1","max-image-preview":"max-image-preview:large","max-video-preview":"max-video-preview:-1"},"canonical":"https:\/\/www1.oliver-kahn.de\/en\/impressum\/","og_locale":"en_GB","og_type":"article","og_title":"Impressum - Oliver Kahn","og_description":"Impressum Management Oliver Kahn Christian ForsthuberDr. Julia Kramer Atelierstra\u00dfe 7D \u2013 81671 M\u00fcnchen Tel.: +49 177 7374276 info@kahn.de Haftungshinweis: Trotz sorgf\u00e4ltiger inhaltlicher Kontrolle \u00fcbernehmen wir keine Haftung f\u00fcr die Inhalte externer Links. F\u00fcr den Inhalt der verlinkten Seiten sind ausschlie\u00dflich deren Betreiber verantwortlich. Bildnachweis Alle verwendeten Bilder und Grafiken auf dieser Internetseite sind urheberrechtlich gesch\u00fctzt. [&hellip;]","og_url":"https:\/\/www1.oliver-kahn.de\/en\/impressum\/","og_site_name":"Oliver Kahn","article_modified_time":"2025-04-15T08:04:32+00:00","twitter_card":"summary_large_image","twitter_misc":{"Estimated reading time":"2 minutes"},"schema":{"@context":"https:\/\/schema.org","@graph":[{"@type":"WebPage","@id":"https:\/\/www1.oliver-kahn.de\/impressum\/","url":"https:\/\/www1.oliver-kahn.de\/impressum\/","name":"Impressum - Oliver Kahn","isPartOf":{"@id":"https:\/\/www1.oliver-kahn.de\/#website"},"datePublished":"2024-02-15T20:06:43+00:00","dateModified":"2025-04-15T08:04:32+00:00","breadcrumb":{"@id":"https:\/\/www1.oliver-kahn.de\/impressum\/#breadcrumb"},"inLanguage":"en-GB","potentialAction":[{"@type":"ReadAction","target":["https:\/\/www1.oliver-kahn.de\/impressum\/"]}]},{"@type":"BreadcrumbList","@id":"https:\/\/www1.oliver-kahn.de\/impressum\/#breadcrumb","itemListElement":[{"@type":"ListItem","position":1,"name":"Home","item":"https:\/\/www1.oliver-kahn.de\/"},{"@type":"ListItem","position":2,"name":"Impressum"}]},{"@type":"WebSite","@id":"https:\/\/www1.oliver-kahn.de\/#website","url":"https:\/\/www1.oliver-kahn.de\/","name":"Oliver Kahn","description":"","potentialAction":[{"@type":"SearchAction","target":{"@type":"EntryPoint","urlTemplate":"https:\/\/www1.oliver-kahn.de\/?s={search_term_string}"},"query-input":{"@type":"PropertyValueSpecification","valueRequired":true,"valueName":"search_term_string"}}],"inLanguage":"en-GB"}]}},"_links":{"self":[{"href":"https:\/\/www1.oliver-kahn.de\/en\/wp-json\/wp\/v2\/pages\/7449","targetHints":{"allow":["GET"]}}],"collection":[{"href":"https:\/\/www1.oliver-kahn.de\/en\/wp-json\/wp\/v2\/pages"}],"about":[{"href":"https:\/\/www1.oliver-kahn.de\/en\/wp-json\/wp\/v2\/types\/page"}],"author":[{"embeddable":true,"href":"https:\/\/www1.oliver-kahn.de\/en\/wp-json\/wp\/v2\/users\/2"}],"replies":[{"embeddable":true,"href":"https:\/\/www1.oliver-kahn.de\/en\/wp-json\/wp\/v2\/comments?post=7449"}],"version-history":[{"count":18,"href":"https:\/\/www1.oliver-kahn.de\/en\/wp-json\/wp\/v2\/pages\/7449\/revisions"}],"predecessor-version":[{"id":11002,"href":"https:\/\/www1.oliver-kahn.de\/en\/wp-json\/wp\/v2\/pages\/7449\/revisions\/11002"}],"wp:attachment":[{"href":"https:\/\/www1.oliver-kahn.de\/en\/wp-json\/wp\/v2\/media?parent=7449"}],"curies":[{"name":"wp","href":"https:\/\/api.w.org\/{rel}","templated":true}]}}