{"id":3717,"date":"2024-02-08T01:06:55","date_gmt":"2024-02-08T00:06:55","guid":{"rendered":"https:\/\/www1.oliver-kahn.de\/?page_id=3717"},"modified":"2024-12-07T11:36:38","modified_gmt":"2024-12-07T10:36:38","slug":"foundation-spenden","status":"publish","type":"page","link":"https:\/\/www1.oliver-kahn.de\/en\/foundation\/foundation-spenden\/","title":{"rendered":"Donations"},"content":{"rendered":"<div data-elementor-type=\"wp-page\" data-elementor-id=\"3717\" class=\"elementor elementor-3717\" data-elementor-post-type=\"page\">\n\t\t\t\t<div class=\"elementor-element elementor-element-495d2c8 e-con-full e-flex e-con e-parent\" data-id=\"495d2c8\" data-element_type=\"container\" data-e-type=\"container\" data-settings=\"{&quot;background_background&quot;:&quot;classic&quot;}\">\n\t\t\t\t<\/div>\n\t\t<div class=\"elementor-element elementor-element-124a81c e-con-full e-flex e-con e-parent\" data-id=\"124a81c\" data-element_type=\"container\" data-e-type=\"container\" data-settings=\"{&quot;background_background&quot;:&quot;classic&quot;}\">\n\t\t\t\t<div class=\"elementor-element elementor-element-e880db8 elementor-widget elementor-widget-breadcrumbs\" data-id=\"e880db8\" data-element_type=\"widget\" data-e-type=\"widget\" data-widget_type=\"breadcrumbs.default\">\n\t\t\t\t<div class=\"elementor-widget-container\">\n\t\t\t\t\t<p id=\"breadcrumbs\"><span><span><a href=\"https:\/\/www1.oliver-kahn.de\/en\/\">Home<\/a><\/span><\/span><\/p>\t\t\t\t<\/div>\n\t\t\t\t<\/div>\n\t\t\t\t<\/div>\n\t\t<div class=\"elementor-element elementor-element-1f795de e-flex e-con-boxed e-con e-parent\" data-id=\"1f795de\" data-element_type=\"container\" data-e-type=\"container\" data-settings=\"{&quot;background_background&quot;:&quot;classic&quot;}\">\n\t\t\t\t\t<div class=\"e-con-inner\">\n\t\t<div class=\"elementor-element elementor-element-91800fc e-flex e-con-boxed e-con e-child\" data-id=\"91800fc\" data-element_type=\"container\" data-e-type=\"container\">\n\t\t\t\t\t<div class=\"e-con-inner\">\n\t\t\t\t<div class=\"elementor-element elementor-element-3ea2cff elementor-widget elementor-widget-heading\" data-id=\"3ea2cff\" data-element_type=\"widget\" data-e-type=\"widget\" data-widget_type=\"heading.default\">\n\t\t\t\t<div class=\"elementor-widget-container\">\n\t\t\t\t\t<h3 class=\"elementor-heading-title elementor-size-default\">Donation Account<\/h3>\t\t\t\t<\/div>\n\t\t\t\t<\/div>\n\t\t\t\t<div class=\"elementor-element elementor-element-7418c6e elementor-widget elementor-widget-heading\" data-id=\"7418c6e\" data-element_type=\"widget\" data-e-type=\"widget\" data-widget_type=\"heading.default\">\n\t\t\t\t<div class=\"elementor-widget-container\">\n\t\t\t\t\t<h2 class=\"elementor-heading-title elementor-size-default\">Together, we are getting closer to the goal of empowering young people.<\/h2>\t\t\t\t<\/div>\n\t\t\t\t<\/div>\n\t\t\t\t\t<\/div>\n\t\t\t\t<\/div>\n\t\t\t\t\t<\/div>\n\t\t\t\t<\/div>\n\t\t<div class=\"elementor-element elementor-element-bb120e0 e-flex e-con-boxed e-con e-parent\" data-id=\"bb120e0\" data-element_type=\"container\" data-e-type=\"container\" data-settings=\"{&quot;background_background&quot;:&quot;classic&quot;}\">\n\t\t\t\t\t<div class=\"e-con-inner\">\n\t\t\t\t<div class=\"elementor-element elementor-element-246ad99 elementor-widget elementor-widget-heading\" data-id=\"246ad99\" data-element_type=\"widget\" data-e-type=\"widget\" data-widget_type=\"heading.default\">\n\t\t\t\t<div class=\"elementor-widget-container\">\n\t\t\t\t\t<h2 class=\"elementor-heading-title elementor-size-default\">Donation Account<\/h2>\t\t\t\t<\/div>\n\t\t\t\t<\/div>\n\t\t\t\t<div class=\"elementor-element elementor-element-d96628a elementor-widget elementor-widget-heading\" data-id=\"d96628a\" data-element_type=\"widget\" data-e-type=\"widget\" data-widget_type=\"heading.default\">\n\t\t\t\t<div class=\"elementor-widget-container\">\n\t\t\t\t\t<h2 class=\"elementor-heading-title elementor-size-default\">Thank you for your support<\/h2>\t\t\t\t<\/div>\n\t\t\t\t<\/div>\n\t\t\t\t<div class=\"elementor-element elementor-element-b34104e elementor-widget__width-initial elementor-widget elementor-widget-text-editor\" data-id=\"b34104e\" data-element_type=\"widget\" data-e-type=\"widget\" data-widget_type=\"text-editor.default\">\n\t\t\t\t<div class=\"elementor-widget-container\">\n\t\t\t\t\t\t\t\t\t<p>IBAN: DE85 700 700 240 4001160 00<br \/><span style=\"font-style: inherit; font-weight: inherit; letter-spacing: 0.2px; text-align: var(--text-align);\">BIC (SWIFT-Code): DEUT DE DBMUC<\/span><\/p><p><span style=\"font-style: inherit; font-weight: inherit; letter-spacing: 0.2px; text-align: var(--text-align);\">Account-Number: 400 11 60<br \/><\/span><span style=\"font-style: inherit; font-weight: inherit; letter-spacing: 0.2px; text-align: var(--text-align);\">Bank-Number: : 700 700 24<br \/><\/span><span style=\"font-style: inherit; font-weight: inherit; letter-spacing: 0.2px; text-align: var(--text-align);\">Bank: Deutsche Bank AG, M\u00fcnchen.<\/span><\/p>\t\t\t\t\t\t\t\t<\/div>\n\t\t\t\t<\/div>\n\t\t\t\t\t<\/div>\n\t\t\t\t<\/div>\n\t\t\t\t<\/div>","protected":false},"excerpt":{"rendered":"<p>Spendenkonto Gemeinsam kommen wir dem Ziel n\u00e4her, junge Menschen stark zu machen. Spendenkonto Vielen Dank f\u00fcr Ihre Unterst\u00fctzung IBAN: DE85 700 700 240 4001160 00BIC (SWIFT-Code): DEUT DE DBMUC Konto-Nummer: 400 11 60Bankleitzahl: 700 700 24Bank: Deutsche Bank AG, M\u00fcnchen.<\/p>","protected":false},"author":2,"featured_media":0,"parent":2557,"menu_order":0,"comment_status":"closed","ping_status":"closed","template":"","meta":{"inline_featured_image":false,"site-sidebar-layout":"no-sidebar","site-content-layout":"","ast-site-content-layout":"full-width-container","site-content-style":"default","site-sidebar-style":"default","ast-global-header-display":"","ast-banner-title-visibility":"","ast-main-header-display":"","ast-hfb-above-header-display":"","ast-hfb-below-header-display":"","ast-hfb-mobile-header-display":"","site-post-title":"disabled","ast-breadcrumbs-content":"","ast-featured-img":"disabled","footer-sml-layout":"","theme-transparent-header-meta":"","adv-header-id-meta":"","stick-header-meta":"","header-above-stick-meta":"","header-main-stick-meta":"","header-below-stick-meta":"","astra-migrate-meta-layouts":"default","ast-page-background-enabled":"default","ast-page-background-meta":{"desktop":{"background-color":"var(--ast-global-color-4)","background-image":"","background-repeat":"repeat","background-position":"center center","background-size":"auto","background-attachment":"scroll","background-type":"","background-media":"","overlay-type":"","overlay-color":"","overlay-opacity":"","overlay-gradient":""},"tablet":{"background-color":"","background-image":"","background-repeat":"repeat","background-position":"center center","background-size":"auto","background-attachment":"scroll","background-type":"","background-media":"","overlay-type":"","overlay-color":"","overlay-opacity":"","overlay-gradient":""},"mobile":{"background-color":"","background-image":"","background-repeat":"repeat","background-position":"center center","background-size":"auto","background-attachment":"scroll","background-type":"","background-media":"","overlay-type":"","overlay-color":"","overlay-opacity":"","overlay-gradient":""}},"ast-content-background-meta":{"desktop":{"background-color":"var(--ast-global-color-5)","background-image":"","background-repeat":"repeat","background-position":"center center","background-size":"auto","background-attachment":"scroll","background-type":"","background-media":"","overlay-type":"","overlay-color":"","overlay-opacity":"","overlay-gradient":""},"tablet":{"background-color":"var(--ast-global-color-5)","background-image":"","background-repeat":"repeat","background-position":"center center","background-size":"auto","background-attachment":"scroll","background-type":"","background-media":"","overlay-type":"","overlay-color":"","overlay-opacity":"","overlay-gradient":""},"mobile":{"background-color":"var(--ast-global-color-5)","background-image":"","background-repeat":"repeat","background-position":"center center","background-size":"auto","background-attachment":"scroll","background-type":"","background-media":"","overlay-type":"","overlay-color":"","overlay-opacity":"","overlay-gradient":""}},"footnotes":""},"class_list":["post-3717","page","type-page","status-publish","hentry"],"yoast_head":"<!-- This site is optimized with the Yoast SEO plugin v25.9 - https:\/\/yoast.com\/wordpress\/plugins\/seo\/ -->\r\n<title>Spenden - Oliver Kahn Stiftung<\/title>\r\n<meta name=\"description\" content=\"Unterst\u00fctzen sie unsere Edu-Football Programme und den Aufbau des Safe-Hubs Berlin. Spenden Sie f\u00fcr unsere Projekt zugunsten strukturell benachteiligter Kinder, Jugendliche und junge Frauen\" \/>\r\n<meta name=\"robots\" content=\"index, follow, max-snippet:-1, max-image-preview:large, max-video-preview:-1\" \/>\r\n<link rel=\"canonical\" href=\"https:\/\/www1.oliver-kahn.de\/en\/foundation\/foundation-spenden\/\" \/>\r\n<meta property=\"og:locale\" content=\"en_GB\" \/>\r\n<meta property=\"og:type\" content=\"article\" \/>\r\n<meta property=\"og:title\" content=\"Spenden - Oliver Kahn Stiftung\" \/>\r\n<meta property=\"og:description\" content=\"Unterst\u00fctzen sie unsere Edu-Football Programme und den Aufbau des Safe-Hubs Berlin. Spenden Sie f\u00fcr unsere Projekt zugunsten strukturell benachteiligter Kinder, Jugendliche und junge Frauen\" \/>\r\n<meta property=\"og:url\" content=\"https:\/\/www1.oliver-kahn.de\/en\/foundation\/foundation-spenden\/\" \/>\r\n<meta property=\"og:site_name\" content=\"Oliver Kahn\" \/>\r\n<meta property=\"article:modified_time\" content=\"2024-12-07T10:36:38+00:00\" \/>\r\n<meta name=\"twitter:card\" content=\"summary_large_image\" \/>\r\n<meta name=\"twitter:label1\" content=\"Estimated reading time\" \/>\n\t<meta name=\"twitter:data1\" content=\"1 minute\" \/>\r\n<script type=\"application\/ld+json\" class=\"yoast-schema-graph\">{\"@context\":\"https:\/\/schema.org\",\"@graph\":[{\"@type\":\"WebPage\",\"@id\":\"https:\/\/www1.oliver-kahn.de\/foundation\/foundation-spenden\/\",\"url\":\"https:\/\/www1.oliver-kahn.de\/foundation\/foundation-spenden\/\",\"name\":\"Spenden - Oliver Kahn Stiftung\",\"isPartOf\":{\"@id\":\"https:\/\/www1.oliver-kahn.de\/#website\"},\"datePublished\":\"2024-02-08T00:06:55+00:00\",\"dateModified\":\"2024-12-07T10:36:38+00:00\",\"description\":\"Unterst\u00fctzen sie unsere Edu-Football Programme und den Aufbau des Safe-Hubs Berlin. Spenden Sie f\u00fcr unsere Projekt zugunsten strukturell benachteiligter Kinder, Jugendliche und junge Frauen\",\"breadcrumb\":{\"@id\":\"https:\/\/www1.oliver-kahn.de\/foundation\/foundation-spenden\/#breadcrumb\"},\"inLanguage\":\"en-GB\",\"potentialAction\":[{\"@type\":\"ReadAction\",\"target\":[\"https:\/\/www1.oliver-kahn.de\/foundation\/foundation-spenden\/\"]}]},{\"@type\":\"BreadcrumbList\",\"@id\":\"https:\/\/www1.oliver-kahn.de\/foundation\/foundation-spenden\/#breadcrumb\",\"itemListElement\":[{\"@type\":\"ListItem\",\"position\":1,\"name\":\"Home\",\"item\":\"https:\/\/www1.oliver-kahn.de\/\"},{\"@type\":\"ListItem\",\"position\":2,\"name\":\"OK Foundation\",\"item\":\"https:\/\/www1.oliver-kahn.de\/foundation\/\"},{\"@type\":\"ListItem\",\"position\":3,\"name\":\"Spenden\"}]},{\"@type\":\"WebSite\",\"@id\":\"https:\/\/www1.oliver-kahn.de\/#website\",\"url\":\"https:\/\/www1.oliver-kahn.de\/\",\"name\":\"Oliver Kahn\",\"description\":\"\",\"potentialAction\":[{\"@type\":\"SearchAction\",\"target\":{\"@type\":\"EntryPoint\",\"urlTemplate\":\"https:\/\/www1.oliver-kahn.de\/?s={search_term_string}\"},\"query-input\":{\"@type\":\"PropertyValueSpecification\",\"valueRequired\":true,\"valueName\":\"search_term_string\"}}],\"inLanguage\":\"en-GB\"}]}<\/script>\r\n<!-- \/ Yoast SEO plugin. -->","yoast_head_json":{"title":"Spenden - Oliver Kahn Stiftung","description":"Unterst\u00fctzen sie unsere Edu-Football Programme und den Aufbau des Safe-Hubs Berlin. Spenden Sie f\u00fcr unsere Projekt zugunsten strukturell benachteiligter Kinder, Jugendliche und junge Frauen","robots":{"index":"index","follow":"follow","max-snippet":"max-snippet:-1","max-image-preview":"max-image-preview:large","max-video-preview":"max-video-preview:-1"},"canonical":"https:\/\/www1.oliver-kahn.de\/en\/foundation\/foundation-spenden\/","og_locale":"en_GB","og_type":"article","og_title":"Spenden - Oliver Kahn Stiftung","og_description":"Unterst\u00fctzen sie unsere Edu-Football Programme und den Aufbau des Safe-Hubs Berlin. Spenden Sie f\u00fcr unsere Projekt zugunsten strukturell benachteiligter Kinder, Jugendliche und junge Frauen","og_url":"https:\/\/www1.oliver-kahn.de\/en\/foundation\/foundation-spenden\/","og_site_name":"Oliver Kahn","article_modified_time":"2024-12-07T10:36:38+00:00","twitter_card":"summary_large_image","twitter_misc":{"Estimated reading time":"1 minute"},"schema":{"@context":"https:\/\/schema.org","@graph":[{"@type":"WebPage","@id":"https:\/\/www1.oliver-kahn.de\/foundation\/foundation-spenden\/","url":"https:\/\/www1.oliver-kahn.de\/foundation\/foundation-spenden\/","name":"Spenden - Oliver Kahn Stiftung","isPartOf":{"@id":"https:\/\/www1.oliver-kahn.de\/#website"},"datePublished":"2024-02-08T00:06:55+00:00","dateModified":"2024-12-07T10:36:38+00:00","description":"Unterst\u00fctzen sie unsere Edu-Football Programme und den Aufbau des Safe-Hubs Berlin. Spenden Sie f\u00fcr unsere Projekt zugunsten strukturell benachteiligter Kinder, Jugendliche und junge Frauen","breadcrumb":{"@id":"https:\/\/www1.oliver-kahn.de\/foundation\/foundation-spenden\/#breadcrumb"},"inLanguage":"en-GB","potentialAction":[{"@type":"ReadAction","target":["https:\/\/www1.oliver-kahn.de\/foundation\/foundation-spenden\/"]}]},{"@type":"BreadcrumbList","@id":"https:\/\/www1.oliver-kahn.de\/foundation\/foundation-spenden\/#breadcrumb","itemListElement":[{"@type":"ListItem","position":1,"name":"Home","item":"https:\/\/www1.oliver-kahn.de\/"},{"@type":"ListItem","position":2,"name":"OK Foundation","item":"https:\/\/www1.oliver-kahn.de\/foundation\/"},{"@type":"ListItem","position":3,"name":"Spenden"}]},{"@type":"WebSite","@id":"https:\/\/www1.oliver-kahn.de\/#website","url":"https:\/\/www1.oliver-kahn.de\/","name":"Oliver Kahn","description":"","potentialAction":[{"@type":"SearchAction","target":{"@type":"EntryPoint","urlTemplate":"https:\/\/www1.oliver-kahn.de\/?s={search_term_string}"},"query-input":{"@type":"PropertyValueSpecification","valueRequired":true,"valueName":"search_term_string"}}],"inLanguage":"en-GB"}]}},"_links":{"self":[{"href":"https:\/\/www1.oliver-kahn.de\/en\/wp-json\/wp\/v2\/pages\/3717","targetHints":{"allow":["GET"]}}],"collection":[{"href":"https:\/\/www1.oliver-kahn.de\/en\/wp-json\/wp\/v2\/pages"}],"about":[{"href":"https:\/\/www1.oliver-kahn.de\/en\/wp-json\/wp\/v2\/types\/page"}],"author":[{"embeddable":true,"href":"https:\/\/www1.oliver-kahn.de\/en\/wp-json\/wp\/v2\/users\/2"}],"replies":[{"embeddable":true,"href":"https:\/\/www1.oliver-kahn.de\/en\/wp-json\/wp\/v2\/comments?post=3717"}],"version-history":[{"count":6,"href":"https:\/\/www1.oliver-kahn.de\/en\/wp-json\/wp\/v2\/pages\/3717\/revisions"}],"predecessor-version":[{"id":10868,"href":"https:\/\/www1.oliver-kahn.de\/en\/wp-json\/wp\/v2\/pages\/3717\/revisions\/10868"}],"up":[{"embeddable":true,"href":"https:\/\/www1.oliver-kahn.de\/en\/wp-json\/wp\/v2\/pages\/2557"}],"wp:attachment":[{"href":"https:\/\/www1.oliver-kahn.de\/en\/wp-json\/wp\/v2\/media?parent=3717"}],"curies":[{"name":"wp","href":"https:\/\/api.w.org\/{rel}","templated":true}]}}