{"id":3600,"date":"2024-02-07T23:29:42","date_gmt":"2024-02-07T22:29:42","guid":{"rendered":"https:\/\/www1.oliver-kahn.de\/?page_id=3600"},"modified":"2024-12-07T11:32:25","modified_gmt":"2024-12-07T10:32:25","slug":"safe-hub-berlin","status":"publish","type":"page","link":"https:\/\/www1.oliver-kahn.de\/en\/foundation\/safe-hub-berlin\/","title":{"rendered":"Safe-Hub Berlin"},"content":{"rendered":"<div data-elementor-type=\"wp-page\" data-elementor-id=\"3600\" class=\"elementor elementor-3600\" data-elementor-post-type=\"page\">\n\t\t\t\t<div class=\"elementor-element elementor-element-495d2c8 e-con-full e-flex e-con e-parent\" data-id=\"495d2c8\" data-element_type=\"container\" data-e-type=\"container\" data-settings=\"{&quot;background_background&quot;:&quot;classic&quot;}\">\n\t\t\t\t<\/div>\n\t\t<div class=\"elementor-element elementor-element-87250b4 e-con-full e-flex e-con e-parent\" data-id=\"87250b4\" data-element_type=\"container\" data-e-type=\"container\" data-settings=\"{&quot;background_background&quot;:&quot;classic&quot;}\">\n\t\t\t\t<div class=\"elementor-element elementor-element-b41db1d elementor-widget elementor-widget-breadcrumbs\" data-id=\"b41db1d\" data-element_type=\"widget\" data-e-type=\"widget\" data-widget_type=\"breadcrumbs.default\">\n\t\t\t\t<div class=\"elementor-widget-container\">\n\t\t\t\t\t<p id=\"breadcrumbs\"><span><span><a href=\"https:\/\/www1.oliver-kahn.de\/en\/\">Home<\/a><\/span><\/span><\/p>\t\t\t\t<\/div>\n\t\t\t\t<\/div>\n\t\t\t\t<\/div>\n\t\t<div class=\"elementor-element elementor-element-216f662 e-flex e-con-boxed e-con e-parent\" data-id=\"216f662\" data-element_type=\"container\" data-e-type=\"container\" data-settings=\"{&quot;background_background&quot;:&quot;classic&quot;}\">\n\t\t\t\t\t<div class=\"e-con-inner\">\n\t\t<div class=\"elementor-element elementor-element-99af56a e-con-full e-flex e-con e-child\" data-id=\"99af56a\" data-element_type=\"container\" data-e-type=\"container\">\n\t\t\t\t<div class=\"elementor-element elementor-element-cc02353 elementor-widget elementor-widget-heading\" data-id=\"cc02353\" data-element_type=\"widget\" data-e-type=\"widget\" data-widget_type=\"heading.default\">\n\t\t\t\t<div class=\"elementor-widget-container\">\n\t\t\t\t\t<h3 class=\"elementor-heading-title elementor-size-default\">Innovative education and sport campus <\/h3>\t\t\t\t<\/div>\n\t\t\t\t<\/div>\n\t\t\t\t<div class=\"elementor-element elementor-element-dafcdcc elementor-widget elementor-widget-heading\" data-id=\"dafcdcc\" data-element_type=\"widget\" data-e-type=\"widget\" data-widget_type=\"heading.default\">\n\t\t\t\t<div class=\"elementor-widget-container\">\n\t\t\t\t\t<h2 class=\"elementor-heading-title elementor-size-default\">What is a Safe Hub?<\/h2>\t\t\t\t<\/div>\n\t\t\t\t<\/div>\n\t\t\t\t<div class=\"elementor-element elementor-element-893c2d9 elementor-widget elementor-widget-text-editor\" data-id=\"893c2d9\" data-element_type=\"widget\" data-e-type=\"widget\" data-widget_type=\"text-editor.default\">\n\t\t\t\t<div class=\"elementor-widget-container\">\n\t\t\t\t\t\t\t\t\t<p>A Safe Hub is an innovative education and sports campus for structurally disadvantaged young people.<br \/><span style=\"font-style: inherit; font-weight: inherit; letter-spacing: 0.2px; text-align: var(--text-align);\"><br \/>What makes the Safe Hub model so special is the novel combination of individual support, education and sport. Our cooperation partner AMANDLA developed the Safe Hub model and has already successfully implemented it at six locations in South Africa.<br \/><\/span><span style=\"font-style: inherit; font-weight: inherit; letter-spacing: 0.2px; text-align: var(--text-align);\"><br \/>The Oliver Kahn Foundation and AMANDLA set themselves the joint goal of building Europe's first Safe Hub in Berlin.<br \/><\/span><span style=\"font-style: inherit; font-weight: inherit; letter-spacing: 0.2px; text-align: var(--text-align);\"><br \/>Im November 2023 haben wir den Sportplatz des Berliner Safe-Hubs er\u00f6ffnet.<br \/><\/span><span style=\"font-style: inherit; font-weight: inherit; letter-spacing: 0.2px; text-align: var(--text-align);\"><br \/>Mit dem Safe-Hub entsteht ein besonderer Ort f\u00fcr junge Menschen im Wedding &#8211; sicher und inspirierend zugleich-<br \/><\/span><span style=\"font-style: inherit; font-weight: inherit; letter-spacing: 0.2px; text-align: var(--text-align);\"><br \/>Join us and support this unique project!<\/span><\/p><p><span style=\"font-style: inherit; font-weight: inherit; letter-spacing: 0.2px; text-align: var(--text-align);\">Weitere Informationen zum Safe-Hub Berlin:\u00a0<a href=\"http:\/\/www.safe-hub.berlin\">http:\/\/www.safe-hub.berlin<\/a><\/span><\/p>\t\t\t\t\t\t\t\t<\/div>\n\t\t\t\t<\/div>\n\t\t\t\t<\/div>\n\t\t\t\t<div class=\"elementor-element elementor-element-e48d7d0 elementor-widget elementor-widget-video\" data-id=\"e48d7d0\" data-element_type=\"widget\" data-e-type=\"widget\" data-settings=\"{&quot;video_type&quot;:&quot;hosted&quot;,&quot;controls&quot;:&quot;yes&quot;}\" data-widget_type=\"video.default\">\n\t\t\t\t<div class=\"elementor-widget-container\">\n\t\t\t\t\t\t\t<div class=\"e-hosted-video elementor-wrapper elementor-open-inline\">\n\t\t\t\t\t<video class=\"elementor-video\" src=\"https:\/\/www1.oliver-kahn.de\/OliverKahnStiftung.mp4\" controls=\"\" preload=\"metadata\" controlslist=\"nodownload\" poster=\"https:\/\/www1.oliver-kahn.de\/wp-content\/uploads\/2024\/03\/SafeHubErklaervideo-scaled.jpg\"><\/video>\n\t\t\t\t<\/div>\n\t\t\t\t\t\t<\/div>\n\t\t\t\t<\/div>\n\t\t\t\t\t<\/div>\n\t\t\t\t<\/div>\n\t\t<div class=\"elementor-element elementor-element-d1bfe37 e-con-full rollover e-flex e-con e-parent\" data-id=\"d1bfe37\" data-element_type=\"container\" data-e-type=\"container\" data-settings=\"{&quot;background_background&quot;:&quot;classic&quot;}\">\n\t\t\t\t<\/div>\n\t\t<div class=\"elementor-element elementor-element-1e19b34 e-flex e-con-boxed e-con e-parent\" data-id=\"1e19b34\" data-element_type=\"container\" data-e-type=\"container\" data-settings=\"{&quot;background_background&quot;:&quot;classic&quot;}\">\n\t\t\t\t\t<div class=\"e-con-inner\">\n\t\t<div class=\"elementor-element elementor-element-06d3ab1 e-con-full e-flex e-con e-child\" data-id=\"06d3ab1\" data-element_type=\"container\" data-e-type=\"container\">\n\t\t\t\t<div class=\"elementor-element elementor-element-21055c7 elementor-widget elementor-widget-heading\" data-id=\"21055c7\" data-element_type=\"widget\" data-e-type=\"widget\" data-widget_type=\"heading.default\">\n\t\t\t\t<div class=\"elementor-widget-container\">\n\t\t\t\t\t<h2 class=\"elementor-heading-title elementor-size-default\">Safe Hub in detail<\/h2>\t\t\t\t<\/div>\n\t\t\t\t<\/div>\n\t\t\t\t<div class=\"elementor-element elementor-element-af059f1 elementor-widget elementor-widget-text-editor\" data-id=\"af059f1\" data-element_type=\"widget\" data-e-type=\"widget\" data-widget_type=\"text-editor.default\">\n\t\t\t\t<div class=\"elementor-widget-container\">\n\t\t\t\t\t\t\t\t\t<p>The Safe Hub infrastructure consists of a multi-purpose building and small, versatile sports pitches with high-quality artificial turf.<\/p><p>The former offers space for holistic educational programmes, plus office and consultation rooms. The Safe Hub infrastructure is designed to be used around the clock, making it available for school sports as well as sports clubs.<\/p><p>On the pitch, we implement the EduFootball training programme, which focuses on instilling fair play values and social skills.<\/p><p>We also work with youth facilities and partners who make use of our infrastructure to offer additional leisure, educational and counselling services. Thanks to these partnerships, we can organise a broad and well balanced range of leisure activities designed to positively impact the local community.<\/p><p>Berlin's Mitte district also plans to build a sports hall on the site, which will enable us both to expand our EduFootball programmes and to run them continuously even in adverse weather conditions.<\/p>\t\t\t\t\t\t\t\t<\/div>\n\t\t\t\t<\/div>\n\t\t\t\t<\/div>\n\t\t\t\t<div class=\"elementor-element elementor-element-40f77cd elementor-widget elementor-widget-image\" data-id=\"40f77cd\" data-element_type=\"widget\" data-e-type=\"widget\" data-widget_type=\"image.default\">\n\t\t\t\t<div class=\"elementor-widget-container\">\n\t\t\t\t\t\t\t\t\t\t\t\t\t\t\t<img decoding=\"async\" width=\"1\" height=\"1\" src=\"https:\/\/www1.oliver-kahn.de\/wp-content\/uploads\/2024\/03\/SAFEHUB.svg\" class=\"attachment-2048x2048 size-2048x2048 wp-image-9037\" alt=\"\" \/>\t\t\t\t\t\t\t\t\t\t\t\t\t\t\t<\/div>\n\t\t\t\t<\/div>\n\t\t\t\t\t<\/div>\n\t\t\t\t<\/div>\n\t\t<div class=\"elementor-element elementor-element-0e3803e e-con-full e-flex e-con e-parent\" data-id=\"0e3803e\" data-element_type=\"container\" data-e-type=\"container\" data-settings=\"{&quot;background_background&quot;:&quot;classic&quot;}\">\n\t\t<div class=\"elementor-element elementor-element-989dd93 e-flex e-con-boxed e-con e-child\" data-id=\"989dd93\" data-element_type=\"container\" data-e-type=\"container\">\n\t\t\t\t\t<div class=\"e-con-inner\">\n\t\t\t\t<div class=\"elementor-element elementor-element-f549f8b elementor-widget elementor-widget-heading\" data-id=\"f549f8b\" data-element_type=\"widget\" data-e-type=\"widget\" data-widget_type=\"heading.default\">\n\t\t\t\t<div class=\"elementor-widget-container\">\n\t\t\t\t\t<h2 class=\"elementor-heading-title elementor-size-default\">Why Wedding?<\/h2>\t\t\t\t<\/div>\n\t\t\t\t<\/div>\n\t\t\t\t<div class=\"elementor-element elementor-element-76e5016 elementor-widget elementor-widget-text-editor\" data-id=\"76e5016\" data-element_type=\"widget\" data-e-type=\"widget\" data-widget_type=\"text-editor.default\">\n\t\t\t\t<div class=\"elementor-widget-container\">\n\t\t\t\t\t\t\t\t\t<p>Wedding is one of the most structurally underdeveloped districts in Berlin. In general, children are the age group most often affected by poverty in the city, and children in Berlin face a higher risk of poverty than the national average.<\/p>\n<p>Moreover, social mobility \u2013 opportunities to move up the social ladder \u2013 is extremely low here. The Safe Hub concept aims to actively address this problem and trigger long-term systemic change.<\/p>\n<p>We want to specifically support socially disadvantaged groups living in Wedding and help them to improve their performance at school. In this way, the Safe Hub can benefit a large number of children and young people who otherwise, for structural reasons, have limited access to extracurricular education, after-school activities and support for individual talent.<\/p>\t\t\t\t\t\t\t\t<\/div>\n\t\t\t\t<\/div>\n\t\t\t\t\t<\/div>\n\t\t\t\t<\/div>\n\t\t\t\t<div class=\"elementor-element elementor-element-9caf3e9 elementor-widget elementor-widget-image\" data-id=\"9caf3e9\" data-element_type=\"widget\" data-e-type=\"widget\" data-widget_type=\"image.default\">\n\t\t\t\t<div class=\"elementor-widget-container\">\n\t\t\t\t\t\t\t\t\t\t\t\t\t\t\t<img fetchpriority=\"high\" decoding=\"async\" width=\"2048\" height=\"1366\" src=\"https:\/\/www1.oliver-kahn.de\/wp-content\/uploads\/2024\/02\/231111DSC02066bearb7952x5304-2048x1366.webp\" class=\"attachment-2048x2048 size-2048x2048 wp-image-6991\" alt=\"\" srcset=\"https:\/\/www1.oliver-kahn.de\/wp-content\/uploads\/2024\/02\/231111DSC02066bearb7952x5304-2048x1366.webp 2048w, https:\/\/www1.oliver-kahn.de\/wp-content\/uploads\/2024\/02\/231111DSC02066bearb7952x5304-300x200.webp 300w, https:\/\/www1.oliver-kahn.de\/wp-content\/uploads\/2024\/02\/231111DSC02066bearb7952x5304-1024x683.webp 1024w, https:\/\/www1.oliver-kahn.de\/wp-content\/uploads\/2024\/02\/231111DSC02066bearb7952x5304-768x512.webp 768w, https:\/\/www1.oliver-kahn.de\/wp-content\/uploads\/2024\/02\/231111DSC02066bearb7952x5304-1536x1024.webp 1536w, https:\/\/www1.oliver-kahn.de\/wp-content\/uploads\/2024\/02\/231111DSC02066bearb7952x5304-18x12.webp 18w\" sizes=\"(max-width: 2048px) 100vw, 2048px\" \/>\t\t\t\t\t\t\t\t\t\t\t\t\t\t\t<\/div>\n\t\t\t\t<\/div>\n\t\t\t\t<\/div>\n\t\t\t\t<\/div>","protected":false},"excerpt":{"rendered":"<p>innovativer Bildungs- und Sportcampus Was ist ein Safe-Hub?\u200b Ein Safe-Hub ist ein innovativer Bildungs- und Sportcampus f\u00fcr strukturell benachteiligte junge Menschen. Das Besondere am Safe-Hub-Modell ist dabei die neuartige Verkn\u00fcpfung von Bildung, individueller F\u00f6rderung und Sport. Unser Kooperationspartner AMANDLA hat das Safe-Hub-Modell entwickelt und bereits an sechs Standorten in S\u00fcdafrika erfolgreich umgesetzt. Gemeinsames Ziel der [&hellip;]<\/p>\n","protected":false},"author":2,"featured_media":0,"parent":2557,"menu_order":0,"comment_status":"closed","ping_status":"closed","template":"","meta":{"inline_featured_image":false,"site-sidebar-layout":"no-sidebar","site-content-layout":"","ast-site-content-layout":"full-width-container","site-content-style":"default","site-sidebar-style":"default","ast-global-header-display":"","ast-banner-title-visibility":"","ast-main-header-display":"","ast-hfb-above-header-display":"","ast-hfb-below-header-display":"","ast-hfb-mobile-header-display":"","site-post-title":"disabled","ast-breadcrumbs-content":"","ast-featured-img":"disabled","footer-sml-layout":"","theme-transparent-header-meta":"","adv-header-id-meta":"","stick-header-meta":"","header-above-stick-meta":"","header-main-stick-meta":"","header-below-stick-meta":"","astra-migrate-meta-layouts":"default","ast-page-background-enabled":"default","ast-page-background-meta":{"desktop":{"background-color":"var(--ast-global-color-4)","background-image":"","background-repeat":"repeat","background-position":"center center","background-size":"auto","background-attachment":"scroll","background-type":"","background-media":"","overlay-type":"","overlay-color":"","overlay-opacity":"","overlay-gradient":""},"tablet":{"background-color":"","background-image":"","background-repeat":"repeat","background-position":"center center","background-size":"auto","background-attachment":"scroll","background-type":"","background-media":"","overlay-type":"","overlay-color":"","overlay-opacity":"","overlay-gradient":""},"mobile":{"background-color":"","background-image":"","background-repeat":"repeat","background-position":"center center","background-size":"auto","background-attachment":"scroll","background-type":"","background-media":"","overlay-type":"","overlay-color":"","overlay-opacity":"","overlay-gradient":""}},"ast-content-background-meta":{"desktop":{"background-color":"var(--ast-global-color-5)","background-image":"","background-repeat":"repeat","background-position":"center center","background-size":"auto","background-attachment":"scroll","background-type":"","background-media":"","overlay-type":"","overlay-color":"","overlay-opacity":"","overlay-gradient":""},"tablet":{"background-color":"var(--ast-global-color-5)","background-image":"","background-repeat":"repeat","background-position":"center center","background-size":"auto","background-attachment":"scroll","background-type":"","background-media":"","overlay-type":"","overlay-color":"","overlay-opacity":"","overlay-gradient":""},"mobile":{"background-color":"var(--ast-global-color-5)","background-image":"","background-repeat":"repeat","background-position":"center center","background-size":"auto","background-attachment":"scroll","background-type":"","background-media":"","overlay-type":"","overlay-color":"","overlay-opacity":"","overlay-gradient":""}},"footnotes":""},"class_list":["post-3600","page","type-page","status-publish","hentry"],"yoast_head":"<!-- This site is optimized with the Yoast SEO plugin v25.9 - https:\/\/yoast.com\/wordpress\/plugins\/seo\/ -->\r\n<title>Safe-Hub Berlin - Oliver Kahn Stiftung<\/title>\r\n<meta name=\"description\" content=\"SAFE-HUB - Innovativer Bildungs- und Sportcampus f\u00fcr strukturell benachteiligte junge Menschen.\" \/>\r\n<meta name=\"robots\" content=\"index, follow, max-snippet:-1, max-image-preview:large, max-video-preview:-1\" \/>\r\n<link rel=\"canonical\" href=\"https:\/\/www1.oliver-kahn.de\/en\/foundation\/safe-hub-berlin\/\" \/>\r\n<meta property=\"og:locale\" content=\"en_GB\" \/>\r\n<meta property=\"og:type\" content=\"article\" \/>\r\n<meta property=\"og:title\" content=\"Safe-Hub Berlin - Oliver Kahn Stiftung\" \/>\r\n<meta property=\"og:description\" content=\"SAFE-HUB - Innovativer Bildungs- und Sportcampus f\u00fcr strukturell benachteiligte junge Menschen.\" \/>\r\n<meta property=\"og:url\" content=\"https:\/\/www1.oliver-kahn.de\/en\/foundation\/safe-hub-berlin\/\" \/>\r\n<meta property=\"og:site_name\" content=\"Oliver Kahn\" \/>\r\n<meta property=\"article:modified_time\" content=\"2024-12-07T10:32:25+00:00\" \/>\r\n<meta name=\"twitter:card\" content=\"summary_large_image\" \/>\r\n<meta name=\"twitter:label1\" content=\"Estimated reading time\" \/>\n\t<meta name=\"twitter:data1\" content=\"3 minutes\" \/>\r\n<script type=\"application\/ld+json\" class=\"yoast-schema-graph\">{\"@context\":\"https:\/\/schema.org\",\"@graph\":[{\"@type\":\"WebPage\",\"@id\":\"https:\/\/www1.oliver-kahn.de\/foundation\/safe-hub-berlin\/\",\"url\":\"https:\/\/www1.oliver-kahn.de\/foundation\/safe-hub-berlin\/\",\"name\":\"Safe-Hub Berlin - Oliver Kahn Stiftung\",\"isPartOf\":{\"@id\":\"https:\/\/www1.oliver-kahn.de\/#website\"},\"primaryImageOfPage\":{\"@id\":\"https:\/\/www1.oliver-kahn.de\/foundation\/safe-hub-berlin\/#primaryimage\"},\"image\":{\"@id\":\"https:\/\/www1.oliver-kahn.de\/foundation\/safe-hub-berlin\/#primaryimage\"},\"thumbnailUrl\":\"https:\/\/www1.oliver-kahn.de\/wp-content\/uploads\/2024\/03\/SAFEHUB.svg\",\"datePublished\":\"2024-02-07T22:29:42+00:00\",\"dateModified\":\"2024-12-07T10:32:25+00:00\",\"description\":\"SAFE-HUB - Innovativer Bildungs- und Sportcampus f\u00fcr strukturell benachteiligte junge Menschen.\",\"breadcrumb\":{\"@id\":\"https:\/\/www1.oliver-kahn.de\/foundation\/safe-hub-berlin\/#breadcrumb\"},\"inLanguage\":\"en-GB\",\"potentialAction\":[{\"@type\":\"ReadAction\",\"target\":[\"https:\/\/www1.oliver-kahn.de\/foundation\/safe-hub-berlin\/\"]}]},{\"@type\":\"ImageObject\",\"inLanguage\":\"en-GB\",\"@id\":\"https:\/\/www1.oliver-kahn.de\/foundation\/safe-hub-berlin\/#primaryimage\",\"url\":\"https:\/\/www1.oliver-kahn.de\/wp-content\/uploads\/2024\/03\/SAFEHUB.svg\",\"contentUrl\":\"https:\/\/www1.oliver-kahn.de\/wp-content\/uploads\/2024\/03\/SAFEHUB.svg\"},{\"@type\":\"BreadcrumbList\",\"@id\":\"https:\/\/www1.oliver-kahn.de\/foundation\/safe-hub-berlin\/#breadcrumb\",\"itemListElement\":[{\"@type\":\"ListItem\",\"position\":1,\"name\":\"Home\",\"item\":\"https:\/\/www1.oliver-kahn.de\/\"},{\"@type\":\"ListItem\",\"position\":2,\"name\":\"OK Foundation\",\"item\":\"https:\/\/www1.oliver-kahn.de\/foundation\/\"},{\"@type\":\"ListItem\",\"position\":3,\"name\":\"Safe-Hub Berlin\"}]},{\"@type\":\"WebSite\",\"@id\":\"https:\/\/www1.oliver-kahn.de\/#website\",\"url\":\"https:\/\/www1.oliver-kahn.de\/\",\"name\":\"Oliver Kahn\",\"description\":\"\",\"potentialAction\":[{\"@type\":\"SearchAction\",\"target\":{\"@type\":\"EntryPoint\",\"urlTemplate\":\"https:\/\/www1.oliver-kahn.de\/?s={search_term_string}\"},\"query-input\":{\"@type\":\"PropertyValueSpecification\",\"valueRequired\":true,\"valueName\":\"search_term_string\"}}],\"inLanguage\":\"en-GB\"}]}<\/script>\r\n<!-- \/ Yoast SEO plugin. -->","yoast_head_json":{"title":"Safe-Hub Berlin - Oliver Kahn Stiftung","description":"SAFE-HUB - Innovativer Bildungs- und Sportcampus f\u00fcr strukturell benachteiligte junge Menschen.","robots":{"index":"index","follow":"follow","max-snippet":"max-snippet:-1","max-image-preview":"max-image-preview:large","max-video-preview":"max-video-preview:-1"},"canonical":"https:\/\/www1.oliver-kahn.de\/en\/foundation\/safe-hub-berlin\/","og_locale":"en_GB","og_type":"article","og_title":"Safe-Hub Berlin - Oliver Kahn Stiftung","og_description":"SAFE-HUB - Innovativer Bildungs- und Sportcampus f\u00fcr strukturell benachteiligte junge Menschen.","og_url":"https:\/\/www1.oliver-kahn.de\/en\/foundation\/safe-hub-berlin\/","og_site_name":"Oliver Kahn","article_modified_time":"2024-12-07T10:32:25+00:00","twitter_card":"summary_large_image","twitter_misc":{"Estimated reading time":"3 minutes"},"schema":{"@context":"https:\/\/schema.org","@graph":[{"@type":"WebPage","@id":"https:\/\/www1.oliver-kahn.de\/foundation\/safe-hub-berlin\/","url":"https:\/\/www1.oliver-kahn.de\/foundation\/safe-hub-berlin\/","name":"Safe-Hub Berlin - Oliver Kahn Stiftung","isPartOf":{"@id":"https:\/\/www1.oliver-kahn.de\/#website"},"primaryImageOfPage":{"@id":"https:\/\/www1.oliver-kahn.de\/foundation\/safe-hub-berlin\/#primaryimage"},"image":{"@id":"https:\/\/www1.oliver-kahn.de\/foundation\/safe-hub-berlin\/#primaryimage"},"thumbnailUrl":"https:\/\/www1.oliver-kahn.de\/wp-content\/uploads\/2024\/03\/SAFEHUB.svg","datePublished":"2024-02-07T22:29:42+00:00","dateModified":"2024-12-07T10:32:25+00:00","description":"SAFE-HUB - Innovativer Bildungs- und Sportcampus f\u00fcr strukturell benachteiligte junge Menschen.","breadcrumb":{"@id":"https:\/\/www1.oliver-kahn.de\/foundation\/safe-hub-berlin\/#breadcrumb"},"inLanguage":"en-GB","potentialAction":[{"@type":"ReadAction","target":["https:\/\/www1.oliver-kahn.de\/foundation\/safe-hub-berlin\/"]}]},{"@type":"ImageObject","inLanguage":"en-GB","@id":"https:\/\/www1.oliver-kahn.de\/foundation\/safe-hub-berlin\/#primaryimage","url":"https:\/\/www1.oliver-kahn.de\/wp-content\/uploads\/2024\/03\/SAFEHUB.svg","contentUrl":"https:\/\/www1.oliver-kahn.de\/wp-content\/uploads\/2024\/03\/SAFEHUB.svg"},{"@type":"BreadcrumbList","@id":"https:\/\/www1.oliver-kahn.de\/foundation\/safe-hub-berlin\/#breadcrumb","itemListElement":[{"@type":"ListItem","position":1,"name":"Home","item":"https:\/\/www1.oliver-kahn.de\/"},{"@type":"ListItem","position":2,"name":"OK Foundation","item":"https:\/\/www1.oliver-kahn.de\/foundation\/"},{"@type":"ListItem","position":3,"name":"Safe-Hub Berlin"}]},{"@type":"WebSite","@id":"https:\/\/www1.oliver-kahn.de\/#website","url":"https:\/\/www1.oliver-kahn.de\/","name":"Oliver Kahn","description":"","potentialAction":[{"@type":"SearchAction","target":{"@type":"EntryPoint","urlTemplate":"https:\/\/www1.oliver-kahn.de\/?s={search_term_string}"},"query-input":{"@type":"PropertyValueSpecification","valueRequired":true,"valueName":"search_term_string"}}],"inLanguage":"en-GB"}]}},"_links":{"self":[{"href":"https:\/\/www1.oliver-kahn.de\/en\/wp-json\/wp\/v2\/pages\/3600","targetHints":{"allow":["GET"]}}],"collection":[{"href":"https:\/\/www1.oliver-kahn.de\/en\/wp-json\/wp\/v2\/pages"}],"about":[{"href":"https:\/\/www1.oliver-kahn.de\/en\/wp-json\/wp\/v2\/types\/page"}],"author":[{"embeddable":true,"href":"https:\/\/www1.oliver-kahn.de\/en\/wp-json\/wp\/v2\/users\/2"}],"replies":[{"embeddable":true,"href":"https:\/\/www1.oliver-kahn.de\/en\/wp-json\/wp\/v2\/comments?post=3600"}],"version-history":[{"count":9,"href":"https:\/\/www1.oliver-kahn.de\/en\/wp-json\/wp\/v2\/pages\/3600\/revisions"}],"predecessor-version":[{"id":10856,"href":"https:\/\/www1.oliver-kahn.de\/en\/wp-json\/wp\/v2\/pages\/3600\/revisions\/10856"}],"up":[{"embeddable":true,"href":"https:\/\/www1.oliver-kahn.de\/en\/wp-json\/wp\/v2\/pages\/2557"}],"wp:attachment":[{"href":"https:\/\/www1.oliver-kahn.de\/en\/wp-json\/wp\/v2\/media?parent=3600"}],"curies":[{"name":"wp","href":"https:\/\/api.w.org\/{rel}","templated":true}]}}