{"id":1337,"date":"2024-01-17T23:33:12","date_gmt":"2024-01-17T22:33:12","guid":{"rendered":"https:\/\/www1.oliver-kahn.de\/?page_id=1337"},"modified":"2024-12-07T11:52:27","modified_gmt":"2024-12-07T10:52:27","slug":"speaker","status":"publish","type":"page","link":"https:\/\/www1.oliver-kahn.de\/en\/speaker\/","title":{"rendered":"Oliver Kahn Redner"},"content":{"rendered":"\t\t<div data-elementor-type=\"wp-page\" data-elementor-id=\"1337\" class=\"elementor elementor-1337\" data-elementor-post-type=\"page\">\n\t\t\t\t<div class=\"elementor-element elementor-element-6b36975 e-con-full herosection e-flex e-con e-parent\" data-id=\"6b36975\" data-element_type=\"container\" data-e-type=\"container\" id=\"toggleButton\" data-settings=\"{&quot;background_background&quot;:&quot;video&quot;,&quot;background_video_link&quot;:&quot;https:\\\/\\\/www1.oliver-kahn.de\\\/170228_Redner-Trailer_Oliver_Kahn_x264_ohneLogo.mp4&quot;,&quot;background_play_on_mobile&quot;:&quot;yes&quot;,&quot;background_video_start&quot;:1}\">\n\t\t<div class=\"elementor-background-video-container\">\n\t\t\t\t\t\t\t<video class=\"elementor-background-video-hosted\" role=\"presentation\" autoplay muted playsinline loop><\/video>\n\t\t\t\t\t<\/div>\t\t<div class=\"elementor-element elementor-element-e537f6f elementor-widget elementor-widget-html\" data-id=\"e537f6f\" data-element_type=\"widget\" data-e-type=\"widget\" data-widget_type=\"html.default\">\n\t\t\t\t<div class=\"elementor-widget-container\">\n\t\t\t\t\t<div style=\"width: 100%; height: 70vh;\"><\/div>\n\n\n<style>\n.toggle_sound{\n        cursor: pointer;\n}\n<\/style>\n<script>\n\ndocument.addEventListener('DOMContentLoaded', function() {\n\nvar toggleSoundButton = document.querySelector('.toggle_sound');\nvar heroBackgroundVideo = document.querySelector('.herosection video');\ntoggleSoundButton.addEventListener('click', function (event) {\n\nif (heroBackgroundVideo.muted !== false){\nheroBackgroundVideo.muted=false;\n} else {\nheroBackgroundVideo.muted=true;\n} }); });\n\n<\/script>\t\t\t\t<\/div>\n\t\t\t\t<\/div>\n\t\t\t\t<div class=\"elementor-element elementor-element-9dcf6e2 elementor-widget elementor-widget-spacer\" data-id=\"9dcf6e2\" data-element_type=\"widget\" data-e-type=\"widget\" data-widget_type=\"spacer.default\">\n\t\t\t\t<div class=\"elementor-widget-container\">\n\t\t\t\t\t\t\t<div class=\"elementor-spacer\">\n\t\t\t<div class=\"elementor-spacer-inner\"><\/div>\n\t\t<\/div>\n\t\t\t\t\t\t<\/div>\n\t\t\t\t<\/div>\n\t\t<div class=\"elementor-element elementor-element-cb1f1f6 toggle_sound e-con-full e-flex e-con e-child\" data-id=\"cb1f1f6\" data-element_type=\"container\" data-e-type=\"container\">\n\t\t\t\t<div class=\"elementor-element elementor-element-56984c0 elementor-widget elementor-widget-html\" data-id=\"56984c0\" data-element_type=\"widget\" data-e-type=\"widget\" data-widget_type=\"html.default\">\n\t\t\t\t<div class=\"elementor-widget-container\">\n\t\t\t\t\t\n\n<style>\n    .hidden{\n        display: none;\n    }\n<\/style>\n\n<style>\n    \n    .center{\n        text-align: center;\n        color: #FFF;\n    }\n    \n<\/style>\n\n<div class=\"center\" id=\"volume_up\"><img decoding=\"async\" src=\"https:\/\/www1.oliver-kahn.de\/wp-content\/uploads\/2024\/03\/volume-up-fill-1.svg\"\/ width=\"30px\"><\/div>\n<div id=\"volume_down\" class=\"hidden center\"><img decoding=\"async\" src=\"https:\/\/www1.oliver-kahn.de\/wp-content\/uploads\/2024\/03\/volume-mute-fill-1.svg\"\/ width=\"30px\"><\/div>\n\n\n<script>\n  \/\/ Funktion zum Toggle der Divs und Anzeigen des Popups (nur bei volume_up)\n  function toggleDivs() {\n    var volumeUp = document.getElementById('volume_up');\n    var volumeDown = document.getElementById('volume_down');\n\n    \/\/ Wenn volume_up sichtbar ist, toggle die Klasse und zeige das Popup\n    if (!volumeUp.classList.contains('hidden')) {\n      volumeUp.classList.toggle('hidden');\n      volumeDown.classList.toggle('hidden');\n\n    } else {\n      \/\/ Ansonsten nur die Klasse toggle\n      volumeUp.classList.toggle('hidden');\n      volumeDown.classList.toggle('hidden');\n    }\n  }\n\n  \/\/ F\u00fcge Event Listener f\u00fcr den Button hinzu\n  document.getElementById('toggleButton').addEventListener('click', toggleDivs);\n<\/script>\t\t\t\t<\/div>\n\t\t\t\t<\/div>\n\t\t\t\t<\/div>\n\t\t\t\t<\/div>\n\t\t<div class=\"elementor-element elementor-element-6235fe0 e-flex e-con-boxed e-con e-parent\" data-id=\"6235fe0\" data-element_type=\"container\" data-e-type=\"container\" data-settings=\"{&quot;background_background&quot;:&quot;classic&quot;}\">\n\t\t\t\t\t<div class=\"e-con-inner\">\n\t\t<div class=\"elementor-element elementor-element-d718756 e-con-full e-flex e-con e-child\" data-id=\"d718756\" data-element_type=\"container\" data-e-type=\"container\">\n\t\t\t\t<div class=\"elementor-element elementor-element-28bf6c7 elementor-widget elementor-widget-heading\" data-id=\"28bf6c7\" data-element_type=\"widget\" data-e-type=\"widget\" data-widget_type=\"heading.default\">\n\t\t\t\t<div class=\"elementor-widget-container\">\n\t\t\t\t\t<h2 class=\"elementor-heading-title elementor-size-default\">Oliver Kahn\nals Redner<\/h2>\t\t\t\t<\/div>\n\t\t\t\t<\/div>\n\t\t\t\t<\/div>\n\t\t\t\t\t<\/div>\n\t\t\t\t<\/div>\n\t\t<div class=\"elementor-element elementor-element-4f79696 e-flex e-con-boxed e-con e-parent\" data-id=\"4f79696\" data-element_type=\"container\" data-e-type=\"container\" data-settings=\"{&quot;background_background&quot;:&quot;classic&quot;}\">\n\t\t\t\t\t<div class=\"e-con-inner\">\n\t\t<div class=\"elementor-element elementor-element-07fb9e2 e-con-full e-flex e-con e-child\" data-id=\"07fb9e2\" data-element_type=\"container\" data-e-type=\"container\">\n\t\t\t\t<div class=\"elementor-element elementor-element-b2bbf66 elementor-widget elementor-widget-text-editor\" data-id=\"b2bbf66\" data-element_type=\"widget\" data-e-type=\"widget\" data-widget_type=\"text-editor.default\">\n\t\t\t\t<div class=\"elementor-widget-container\">\n\t\t\t\t\t\t\t\t\t<p>Oliver Kahn spricht \u00fcber kontinuierliche Spitzenleistung, \u00fcber seine gr\u00f6\u00dften Niederlagen und den Weg zur\u00fcck zum Erfolg durch F\u00fchrung und Motivation.<\/p><p>Ausgehend von seinen langj\u00e4hrigen Erfahrungen als Kapit\u00e4n des FC Bayern M\u00fcnchen und der deutschen Nationalmannschaft sowie als CEO des FC Bayern M\u00fcnchen beschreibt der dreifache Welttorh\u00fcter auf spannende, eindrucksvolle und humorvolle Art, welche F\u00e4higkeiten aus seiner aktiven Zeit ihm auch heute als Unternehmer helfen, erfolgreich zu bleiben.<\/p><p>Klarheit \u00fcber seine Mission zu finden, produktiv mit Erfolgen und R\u00fcckschl\u00e4gen umzugehen und dabei Menschen und Mitarbeiter stark zu machen, sind die wesentlichen Inhalte, mit denen sich Oliver Kahn bei seinen Auftritten auseinandersetzt.<\/p>\t\t\t\t\t\t\t\t<\/div>\n\t\t\t\t<\/div>\n\t\t\t\t<\/div>\n\t\t<div class=\"elementor-element elementor-element-3164500 e-con-full e-flex e-con e-child\" data-id=\"3164500\" data-element_type=\"container\" data-e-type=\"container\">\n\t\t\t\t<div class=\"elementor-element elementor-element-d7bb5aa elementor-widget elementor-widget-image\" data-id=\"d7bb5aa\" data-element_type=\"widget\" data-e-type=\"widget\" data-widget_type=\"image.default\">\n\t\t\t\t<div class=\"elementor-widget-container\">\n\t\t\t\t\t\t\t\t\t\t\t\t\t\t\t<img fetchpriority=\"high\" decoding=\"async\" width=\"1024\" height=\"576\" src=\"https:\/\/www1.oliver-kahn.de\/wp-content\/uploads\/2024\/03\/rednerOliverKahn-1024x576.webp\" class=\"attachment-large size-large wp-image-8305\" alt=\"Oliver Kahn als Redner\" srcset=\"https:\/\/www1.oliver-kahn.de\/wp-content\/uploads\/2024\/03\/rednerOliverKahn-1024x576.webp 1024w, https:\/\/www1.oliver-kahn.de\/wp-content\/uploads\/2024\/03\/rednerOliverKahn-300x169.webp 300w, https:\/\/www1.oliver-kahn.de\/wp-content\/uploads\/2024\/03\/rednerOliverKahn-768x432.webp 768w, https:\/\/www1.oliver-kahn.de\/wp-content\/uploads\/2024\/03\/rednerOliverKahn-18x10.webp 18w, https:\/\/www1.oliver-kahn.de\/wp-content\/uploads\/2024\/03\/rednerOliverKahn.webp 1280w\" sizes=\"(max-width: 1024px) 100vw, 1024px\" \/>\t\t\t\t\t\t\t\t\t\t\t\t\t\t\t<\/div>\n\t\t\t\t<\/div>\n\t\t\t\t<\/div>\n\t\t\t\t\t<\/div>\n\t\t\t\t<\/div>\n\t\t<div class=\"elementor-element elementor-element-d96c97a e-flex e-con-boxed e-con e-parent\" data-id=\"d96c97a\" data-element_type=\"container\" data-e-type=\"container\" data-settings=\"{&quot;background_background&quot;:&quot;classic&quot;}\">\n\t\t\t\t\t<div class=\"e-con-inner\">\n\t\t<div class=\"elementor-element elementor-element-d59cea7 e-con-full e-flex e-con e-child\" data-id=\"d59cea7\" data-element_type=\"container\" data-e-type=\"container\">\n\t\t\t\t<div class=\"elementor-element elementor-element-bd2ae96 elementor-widget elementor-widget-heading\" data-id=\"bd2ae96\" data-element_type=\"widget\" data-e-type=\"widget\" data-widget_type=\"heading.default\">\n\t\t\t\t<div class=\"elementor-widget-container\">\n\t\t\t\t\t<h2 class=\"elementor-heading-title elementor-size-default\">Anfrage<\/h2>\t\t\t\t<\/div>\n\t\t\t\t<\/div>\n\t\t\t\t<div class=\"elementor-element elementor-element-0bdc3cc elementor-button-align-stretch elementor-widget elementor-widget-form\" data-id=\"0bdc3cc\" data-element_type=\"widget\" data-e-type=\"widget\" data-settings=\"{&quot;step_next_label&quot;:&quot;N\\u00e4chster&quot;,&quot;step_previous_label&quot;:&quot;Voriger&quot;,&quot;button_width&quot;:&quot;100&quot;,&quot;step_type&quot;:&quot;number_text&quot;,&quot;step_icon_shape&quot;:&quot;circle&quot;}\" data-widget_type=\"form.default\">\n\t\t\t\t<div class=\"elementor-widget-container\">\n\t\t\t\t\t\t\t<form class=\"elementor-form\" method=\"post\" name=\"Neues Formular\" aria-label=\"Neues Formular\">\n\t\t\t<input type=\"hidden\" name=\"post_id\" value=\"1337\"\/>\n\t\t\t<input type=\"hidden\" name=\"form_id\" value=\"0bdc3cc\"\/>\n\t\t\t<input type=\"hidden\" name=\"referer_title\" value=\"Oliver Kahn als Redner\" \/>\n\n\t\t\t\t\t\t\t<input type=\"hidden\" name=\"queried_id\" value=\"1337\"\/>\n\t\t\t\n\t\t\t<div class=\"elementor-form-fields-wrapper elementor-labels-above\">\n\t\t\t\t\t\t\t\t<div class=\"elementor-field-type-text elementor-field-group elementor-column elementor-field-group-name elementor-col-100\">\n\t\t\t\t\t\t\t\t\t\t\t\t\t<input size=\"1\" type=\"text\" name=\"form_fields[name]\" id=\"form-field-name\" class=\"elementor-field elementor-size-sm  elementor-field-textual\" placeholder=\"Vorname, Name*\">\n\t\t\t\t\t\t\t\t\t\t\t<\/div>\n\t\t\t\t\t\t\t\t<div class=\"elementor-field-type-text elementor-field-group elementor-column elementor-field-group-field_b20c938 elementor-col-100\">\n\t\t\t\t\t\t\t\t\t\t\t\t\t<input size=\"1\" type=\"text\" name=\"form_fields[field_b20c938]\" id=\"form-field-field_b20c938\" class=\"elementor-field elementor-size-sm  elementor-field-textual\" placeholder=\"Firma*\">\n\t\t\t\t\t\t\t\t\t\t\t<\/div>\n\t\t\t\t\t\t\t\t<div class=\"elementor-field-type-email elementor-field-group elementor-column elementor-field-group-email elementor-col-100 elementor-field-required\">\n\t\t\t\t\t\t\t\t\t\t\t\t\t<input size=\"1\" type=\"email\" name=\"form_fields[email]\" id=\"form-field-email\" class=\"elementor-field elementor-size-sm  elementor-field-textual\" placeholder=\"E-Mail* \" required=\"required\">\n\t\t\t\t\t\t\t\t\t\t\t<\/div>\n\t\t\t\t\t\t\t\t<div class=\"elementor-field-type-tel elementor-field-group elementor-column elementor-field-group-field_da7f71d elementor-col-100 elementor-field-required\">\n\t\t\t\t\t\t\t<input size=\"1\" type=\"tel\" name=\"form_fields[field_da7f71d]\" id=\"form-field-field_da7f71d\" class=\"elementor-field elementor-size-sm  elementor-field-textual\" placeholder=\"Telefon* \" required=\"required\" pattern=\"[0-9()#&amp;+*-=.]+\" title=\"Only numbers and phone characters (#, -, *, etc) are accepted.\">\n\n\t\t\t\t\t\t<\/div>\n\t\t\t\t\t\t\t\t<div class=\"elementor-field-type-date elementor-field-group elementor-column elementor-field-group-field_51c9229 elementor-col-100 elementor-field-required\">\n\t\t\t\t\t\n\t\t<input type=\"date\" name=\"form_fields[field_51c9229]\" id=\"form-field-field_51c9229\" class=\"elementor-field elementor-size-sm  elementor-field-textual elementor-date-field\" placeholder=\"Datum der Veranstaltung\" required=\"required\" pattern=\"[0-9]{4}-[0-9]{2}-[0-9]{2}\">\n\t\t\t\t\t\t<\/div>\n\t\t\t\t\t\t\t\t<div class=\"elementor-field-type-textarea elementor-field-group elementor-column elementor-field-group-message elementor-col-100\">\n\t\t\t\t\t<textarea class=\"elementor-field-textual elementor-field  elementor-size-sm\" name=\"form_fields[message]\" id=\"form-field-message\" rows=\"4\" placeholder=\"Nachricht\"><\/textarea>\t\t\t\t<\/div>\n\t\t\t\t\t\t\t\t<div class=\"elementor-field-group elementor-column elementor-field-type-submit elementor-col-100 e-form__buttons\">\n\t\t\t\t\t<button class=\"elementor-button elementor-size-sm\" type=\"submit\">\n\t\t\t\t\t\t<span class=\"elementor-button-content-wrapper\">\n\t\t\t\t\t\t\t\t\t\t\t\t\t\t\t\t\t\t\t\t\t\t<span class=\"elementor-button-text\">Senden<\/span>\n\t\t\t\t\t\t\t\t\t\t\t\t\t<\/span>\n\t\t\t\t\t<\/button>\n\t\t\t\t<\/div>\n\t\t\t<\/div>\n\t\t<\/form>\n\t\t\t\t\t\t<\/div>\n\t\t\t\t<\/div>\n\t\t\t\t<\/div>\n\t\t\t\t\t<\/div>\n\t\t\t\t<\/div>\n\t\t\t\t<\/div>\n\t\t","protected":false},"excerpt":{"rendered":"<p>Oliver Kahn als Redner Oliver Kahn spricht \u00fcber kontinuierliche Spitzenleistung, \u00fcber seine gr\u00f6\u00dften Niederlagen und den Weg zur\u00fcck zum Erfolg durch F\u00fchrung und Motivation. Ausgehend von seinen langj\u00e4hrigen Erfahrungen als Kapit\u00e4n des FC Bayern M\u00fcnchen und der deutschen Nationalmannschaft sowie als CEO des FC Bayern M\u00fcnchen beschreibt der dreifache Welttorh\u00fcter auf spannende, eindrucksvolle und humorvolle [&hellip;]<\/p>\n","protected":false},"author":2,"featured_media":0,"parent":0,"menu_order":0,"comment_status":"closed","ping_status":"closed","template":"","meta":{"inline_featured_image":false,"site-sidebar-layout":"no-sidebar","site-content-layout":"","ast-site-content-layout":"full-width-container","site-content-style":"default","site-sidebar-style":"default","ast-global-header-display":"","ast-banner-title-visibility":"","ast-main-header-display":"","ast-hfb-above-header-display":"","ast-hfb-below-header-display":"","ast-hfb-mobile-header-display":"","site-post-title":"disabled","ast-breadcrumbs-content":"","ast-featured-img":"disabled","footer-sml-layout":"","theme-transparent-header-meta":"","adv-header-id-meta":"","stick-header-meta":"","header-above-stick-meta":"","header-main-stick-meta":"","header-below-stick-meta":"","astra-migrate-meta-layouts":"default","ast-page-background-enabled":"default","ast-page-background-meta":{"desktop":{"background-color":"var(--ast-global-color-4)","background-image":"","background-repeat":"repeat","background-position":"center center","background-size":"auto","background-attachment":"scroll","background-type":"","background-media":"","overlay-type":"","overlay-color":"","overlay-opacity":"","overlay-gradient":""},"tablet":{"background-color":"","background-image":"","background-repeat":"repeat","background-position":"center center","background-size":"auto","background-attachment":"scroll","background-type":"","background-media":"","overlay-type":"","overlay-color":"","overlay-opacity":"","overlay-gradient":""},"mobile":{"background-color":"","background-image":"","background-repeat":"repeat","background-position":"center center","background-size":"auto","background-attachment":"scroll","background-type":"","background-media":"","overlay-type":"","overlay-color":"","overlay-opacity":"","overlay-gradient":""}},"ast-content-background-meta":{"desktop":{"background-color":"var(--ast-global-color-5)","background-image":"","background-repeat":"repeat","background-position":"center center","background-size":"auto","background-attachment":"scroll","background-type":"","background-media":"","overlay-type":"","overlay-color":"","overlay-opacity":"","overlay-gradient":""},"tablet":{"background-color":"var(--ast-global-color-5)","background-image":"","background-repeat":"repeat","background-position":"center center","background-size":"auto","background-attachment":"scroll","background-type":"","background-media":"","overlay-type":"","overlay-color":"","overlay-opacity":"","overlay-gradient":""},"mobile":{"background-color":"var(--ast-global-color-5)","background-image":"","background-repeat":"repeat","background-position":"center center","background-size":"auto","background-attachment":"scroll","background-type":"","background-media":"","overlay-type":"","overlay-color":"","overlay-opacity":"","overlay-gradient":""}},"footnotes":""},"class_list":["post-1337","page","type-page","status-publish","hentry"],"yoast_head":"<!-- This site is optimized with the Yoast SEO plugin v25.9 - https:\/\/yoast.com\/wordpress\/plugins\/seo\/ -->\r\n<title>Oliver Kahn als Redner<\/title>\r\n<meta name=\"description\" content=\"Erleben Sie Oliver Kahn als inspirierenden H\u00f6hepunkt Ihrer Veranstaltung und unterst\u00fctzen Sie dadurch die Projekte der Oliver Kahn Stiftung\" \/>\r\n<meta name=\"robots\" content=\"index, follow, max-snippet:-1, max-image-preview:large, max-video-preview:-1\" \/>\r\n<link rel=\"canonical\" href=\"https:\/\/www1.oliver-kahn.de\/en\/speaker\/\" \/>\r\n<meta property=\"og:locale\" content=\"en_GB\" \/>\r\n<meta property=\"og:type\" content=\"article\" \/>\r\n<meta property=\"og:title\" content=\"Oliver Kahn als Redner\" \/>\r\n<meta property=\"og:description\" content=\"Erleben Sie Oliver Kahn als inspirierenden H\u00f6hepunkt Ihrer Veranstaltung und unterst\u00fctzen Sie dadurch die Projekte der Oliver Kahn Stiftung\" \/>\r\n<meta property=\"og:url\" content=\"https:\/\/www1.oliver-kahn.de\/en\/speaker\/\" \/>\r\n<meta property=\"og:site_name\" content=\"Oliver Kahn\" \/>\r\n<meta property=\"article:modified_time\" content=\"2024-12-07T10:52:27+00:00\" \/>\r\n<meta property=\"og:image\" content=\"https:\/\/www1.oliver-kahn.de\/wp-content\/uploads\/2024\/03\/volume-up-fill-1.svg\" \/>\r\n<meta name=\"twitter:card\" content=\"summary_large_image\" \/>\r\n<meta name=\"twitter:label1\" content=\"Estimated reading time\" \/>\n\t<meta name=\"twitter:data1\" content=\"2 minutes\" \/>\r\n<script type=\"application\/ld+json\" class=\"yoast-schema-graph\">{\"@context\":\"https:\/\/schema.org\",\"@graph\":[{\"@type\":\"WebPage\",\"@id\":\"https:\/\/www1.oliver-kahn.de\/speaker\/\",\"url\":\"https:\/\/www1.oliver-kahn.de\/speaker\/\",\"name\":\"Oliver Kahn als Redner\",\"isPartOf\":{\"@id\":\"https:\/\/www1.oliver-kahn.de\/#website\"},\"primaryImageOfPage\":{\"@id\":\"https:\/\/www1.oliver-kahn.de\/speaker\/#primaryimage\"},\"image\":{\"@id\":\"https:\/\/www1.oliver-kahn.de\/speaker\/#primaryimage\"},\"thumbnailUrl\":\"https:\/\/www1.oliver-kahn.de\/wp-content\/uploads\/2024\/03\/volume-up-fill-1.svg\",\"datePublished\":\"2024-01-17T22:33:12+00:00\",\"dateModified\":\"2024-12-07T10:52:27+00:00\",\"description\":\"Erleben Sie Oliver Kahn als inspirierenden H\u00f6hepunkt Ihrer Veranstaltung und unterst\u00fctzen Sie dadurch die Projekte der Oliver Kahn Stiftung\",\"breadcrumb\":{\"@id\":\"https:\/\/www1.oliver-kahn.de\/speaker\/#breadcrumb\"},\"inLanguage\":\"en-GB\",\"potentialAction\":[{\"@type\":\"ReadAction\",\"target\":[\"https:\/\/www1.oliver-kahn.de\/speaker\/\"]}]},{\"@type\":\"ImageObject\",\"inLanguage\":\"en-GB\",\"@id\":\"https:\/\/www1.oliver-kahn.de\/speaker\/#primaryimage\",\"url\":\"https:\/\/www1.oliver-kahn.de\/wp-content\/uploads\/2024\/03\/volume-up-fill-1.svg\",\"contentUrl\":\"https:\/\/www1.oliver-kahn.de\/wp-content\/uploads\/2024\/03\/volume-up-fill-1.svg\"},{\"@type\":\"BreadcrumbList\",\"@id\":\"https:\/\/www1.oliver-kahn.de\/speaker\/#breadcrumb\",\"itemListElement\":[{\"@type\":\"ListItem\",\"position\":1,\"name\":\"Home\",\"item\":\"https:\/\/www1.oliver-kahn.de\/\"},{\"@type\":\"ListItem\",\"position\":2,\"name\":\"Oliver Kahn Redner\"}]},{\"@type\":\"WebSite\",\"@id\":\"https:\/\/www1.oliver-kahn.de\/#website\",\"url\":\"https:\/\/www1.oliver-kahn.de\/\",\"name\":\"Oliver Kahn\",\"description\":\"\",\"potentialAction\":[{\"@type\":\"SearchAction\",\"target\":{\"@type\":\"EntryPoint\",\"urlTemplate\":\"https:\/\/www1.oliver-kahn.de\/?s={search_term_string}\"},\"query-input\":{\"@type\":\"PropertyValueSpecification\",\"valueRequired\":true,\"valueName\":\"search_term_string\"}}],\"inLanguage\":\"en-GB\"}]}<\/script>\r\n<!-- \/ Yoast SEO plugin. -->","yoast_head_json":{"title":"Oliver Kahn als Redner","description":"Erleben Sie Oliver Kahn als inspirierenden H\u00f6hepunkt Ihrer Veranstaltung und unterst\u00fctzen Sie dadurch die Projekte der Oliver Kahn Stiftung","robots":{"index":"index","follow":"follow","max-snippet":"max-snippet:-1","max-image-preview":"max-image-preview:large","max-video-preview":"max-video-preview:-1"},"canonical":"https:\/\/www1.oliver-kahn.de\/en\/speaker\/","og_locale":"en_GB","og_type":"article","og_title":"Oliver Kahn als Redner","og_description":"Erleben Sie Oliver Kahn als inspirierenden H\u00f6hepunkt Ihrer Veranstaltung und unterst\u00fctzen Sie dadurch die Projekte der Oliver Kahn Stiftung","og_url":"https:\/\/www1.oliver-kahn.de\/en\/speaker\/","og_site_name":"Oliver Kahn","article_modified_time":"2024-12-07T10:52:27+00:00","og_image":[{"url":"https:\/\/www1.oliver-kahn.de\/wp-content\/uploads\/2024\/03\/volume-up-fill-1.svg","type":"","width":"","height":""}],"twitter_card":"summary_large_image","twitter_misc":{"Estimated reading time":"2 minutes"},"schema":{"@context":"https:\/\/schema.org","@graph":[{"@type":"WebPage","@id":"https:\/\/www1.oliver-kahn.de\/speaker\/","url":"https:\/\/www1.oliver-kahn.de\/speaker\/","name":"Oliver Kahn als Redner","isPartOf":{"@id":"https:\/\/www1.oliver-kahn.de\/#website"},"primaryImageOfPage":{"@id":"https:\/\/www1.oliver-kahn.de\/speaker\/#primaryimage"},"image":{"@id":"https:\/\/www1.oliver-kahn.de\/speaker\/#primaryimage"},"thumbnailUrl":"https:\/\/www1.oliver-kahn.de\/wp-content\/uploads\/2024\/03\/volume-up-fill-1.svg","datePublished":"2024-01-17T22:33:12+00:00","dateModified":"2024-12-07T10:52:27+00:00","description":"Erleben Sie Oliver Kahn als inspirierenden H\u00f6hepunkt Ihrer Veranstaltung und unterst\u00fctzen Sie dadurch die Projekte der Oliver Kahn Stiftung","breadcrumb":{"@id":"https:\/\/www1.oliver-kahn.de\/speaker\/#breadcrumb"},"inLanguage":"en-GB","potentialAction":[{"@type":"ReadAction","target":["https:\/\/www1.oliver-kahn.de\/speaker\/"]}]},{"@type":"ImageObject","inLanguage":"en-GB","@id":"https:\/\/www1.oliver-kahn.de\/speaker\/#primaryimage","url":"https:\/\/www1.oliver-kahn.de\/wp-content\/uploads\/2024\/03\/volume-up-fill-1.svg","contentUrl":"https:\/\/www1.oliver-kahn.de\/wp-content\/uploads\/2024\/03\/volume-up-fill-1.svg"},{"@type":"BreadcrumbList","@id":"https:\/\/www1.oliver-kahn.de\/speaker\/#breadcrumb","itemListElement":[{"@type":"ListItem","position":1,"name":"Home","item":"https:\/\/www1.oliver-kahn.de\/"},{"@type":"ListItem","position":2,"name":"Oliver Kahn Redner"}]},{"@type":"WebSite","@id":"https:\/\/www1.oliver-kahn.de\/#website","url":"https:\/\/www1.oliver-kahn.de\/","name":"Oliver Kahn","description":"","potentialAction":[{"@type":"SearchAction","target":{"@type":"EntryPoint","urlTemplate":"https:\/\/www1.oliver-kahn.de\/?s={search_term_string}"},"query-input":{"@type":"PropertyValueSpecification","valueRequired":true,"valueName":"search_term_string"}}],"inLanguage":"en-GB"}]}},"_links":{"self":[{"href":"https:\/\/www1.oliver-kahn.de\/en\/wp-json\/wp\/v2\/pages\/1337","targetHints":{"allow":["GET"]}}],"collection":[{"href":"https:\/\/www1.oliver-kahn.de\/en\/wp-json\/wp\/v2\/pages"}],"about":[{"href":"https:\/\/www1.oliver-kahn.de\/en\/wp-json\/wp\/v2\/types\/page"}],"author":[{"embeddable":true,"href":"https:\/\/www1.oliver-kahn.de\/en\/wp-json\/wp\/v2\/users\/2"}],"replies":[{"embeddable":true,"href":"https:\/\/www1.oliver-kahn.de\/en\/wp-json\/wp\/v2\/comments?post=1337"}],"version-history":[{"count":6,"href":"https:\/\/www1.oliver-kahn.de\/en\/wp-json\/wp\/v2\/pages\/1337\/revisions"}],"predecessor-version":[{"id":10924,"href":"https:\/\/www1.oliver-kahn.de\/en\/wp-json\/wp\/v2\/pages\/1337\/revisions\/10924"}],"wp:attachment":[{"href":"https:\/\/www1.oliver-kahn.de\/en\/wp-json\/wp\/v2\/media?parent=1337"}],"curies":[{"name":"wp","href":"https:\/\/api.w.org\/{rel}","templated":true}]}}